{"id":153947,"date":"2025-02-17T17:05:44","date_gmt":"2025-02-17T15:05:44","guid":{"rendered":"https:\/\/4room.lv\/?post_type=product&#038;p=153947"},"modified":"2025-02-17T17:05:44","modified_gmt":"2025-02-17T15:05:44","slug":"atputas-kresls-moro-divine-velvet-tobacco-ar-kaju-balstu","status":"publish","type":"product","link":"https:\/\/4room.lv\/lv\/veikals\/mebeles\/kresli\/atputas-kresls-moro-divine-velvet-tobacco-ar-kaju-balstu\/","title":{"rendered":"Atp\u016btas kr\u0113sls Moro Divine velvet Tobacco ar k\u0101ju balstu"},"content":{"rendered":"","protected":false},"excerpt":{"rendered":"<p>\u0112rts un m\u016bsdien\u012bgs atp\u016btas kr\u0113sls ar k\u0101ju balstu Moro. Bag\u0101t\u012bgais tabakas to\u0146a b\u0157\u016bnais velvelts piedod elegantu siltumu telp\u0101, ir maigs un m\u012bksts taustei. Materi\u0101ls ir ar\u012b viegli kopjams un ne visai pat\u012bk ka\u0137u nagiem. Kr\u0113slam ir augsta atzveltne, lai taj\u0101 variet iegrimt un justies komfortabli. K\u0101ja ir melna met\u0101la, groz\u0101s pateicoties swivel meh\u0101nismam.<\/p>\n<p>Ja v\u0113laties kr\u0113slu cit\u0101 apdar\u0113, tad sazinieties ar mums un p\u0101r\u0101d\u012bsim visas iesp\u0113jas!<\/p>\n","protected":false},"featured_media":153948,"template":"","meta":[],"product_cat":[129,144],"product_tag":[],"class_list":{"0":"post-153947","1":"product","2":"type-product","3":"status-publish","4":"has-post-thumbnail","6":"product_brand-flexlux","7":"product_cat-mebeles","8":"product_cat-kresli","10":"first","11":"instock","12":"shipping-taxable","13":"purchasable","14":"product-type-simple","15":"hongo-alternate-image-wrap"},"_links":{"self":[{"href":"https:\/\/4room.lv\/lv\/wp-json\/wp\/v2\/product\/153947","targetHints":{"allow":["GET"]}}],"collection":[{"href":"https:\/\/4room.lv\/lv\/wp-json\/wp\/v2\/product"}],"about":[{"href":"https:\/\/4room.lv\/lv\/wp-json\/wp\/v2\/types\/product"}],"wp:featuredmedia":[{"embeddable":true,"href":"https:\/\/4room.lv\/lv\/wp-json\/wp\/v2\/media\/153948"}],"wp:attachment":[{"href":"https:\/\/4room.lv\/lv\/wp-json\/wp\/v2\/media?parent=153947"}],"wp:term":[{"taxonomy":"product_cat","embeddable":true,"href":"https:\/\/4room.lv\/lv\/wp-json\/wp\/v2\/product_cat?post=153947"},{"taxonomy":"product_tag","embeddable":true,"href":"https:\/\/4room.lv\/lv\/wp-json\/wp\/v2\/product_tag?post=153947"}],"curies":[{"name":"wp","href":"https:\/\/api.w.org\/{rel}","templated":true}]}}