{"id":153954,"date":"2025-02-17T17:16:08","date_gmt":"2025-02-17T15:16:08","guid":{"rendered":"https:\/\/4room.lv\/?post_type=product&#038;p=153954"},"modified":"2025-02-17T17:16:08","modified_gmt":"2025-02-17T15:16:08","slug":"swap-m-matt-white-ip65-5w-3000k","status":"publish","type":"product","link":"https:\/\/4room.lv\/lv\/veikals\/apgaismojums\/arhitekturalais\/swap-m-matt-white-ip65-5w-3000k\/","title":{"rendered":"Swap M matt white IP65 5W 3000K"},"content":{"rendered":"","protected":false},"excerpt":{"rendered":"<p>Ieb\u016bve Arkos Swap M ar padzi\u013cin\u0101tu Led, kas rad\u012bs sl\u0113ptas gaismas efektu \u012bpa\u0161am acu komfortam telp\u0101.<\/p>\n<p>Komplekt\u0101cija ietilpst transformators un noseggredzens 95cm diametr\u0101, kas noder ja nepeicie\u0161ams gaismekli ievietot izgriezum\u0101, kas liel\u0101ks par gaismek\u013ca diametru.<\/p>\n<p>Pieejams vair\u0101kos izm\u0113ros, to\u0146os un jaud\u0101s, lai variet ar vienu modeli izgaismot da\u017e\u0101dus scen\u0101rijus telp\u0101s.<\/p>\n<p>Ja nepeicie\u0161ama cita komplekt\u0101cija, dro\u0161i sazinieties ar mums.<\/p>\n","protected":false},"featured_media":153955,"template":"","meta":[],"product_cat":[127,148],"product_tag":[],"class_list":{"0":"post-153954","1":"product","2":"type-product","3":"status-publish","4":"has-post-thumbnail","6":"product_brand-arkos","7":"product_cat-apgaismojums","8":"product_cat-arhitekturalais","10":"first","11":"instock","12":"shipping-taxable","13":"purchasable","14":"product-type-simple"},"_links":{"self":[{"href":"https:\/\/4room.lv\/lv\/wp-json\/wp\/v2\/product\/153954","targetHints":{"allow":["GET"]}}],"collection":[{"href":"https:\/\/4room.lv\/lv\/wp-json\/wp\/v2\/product"}],"about":[{"href":"https:\/\/4room.lv\/lv\/wp-json\/wp\/v2\/types\/product"}],"wp:featuredmedia":[{"embeddable":true,"href":"https:\/\/4room.lv\/lv\/wp-json\/wp\/v2\/media\/153955"}],"wp:attachment":[{"href":"https:\/\/4room.lv\/lv\/wp-json\/wp\/v2\/media?parent=153954"}],"wp:term":[{"taxonomy":"product_cat","embeddable":true,"href":"https:\/\/4room.lv\/lv\/wp-json\/wp\/v2\/product_cat?post=153954"},{"taxonomy":"product_tag","embeddable":true,"href":"https:\/\/4room.lv\/lv\/wp-json\/wp\/v2\/product_tag?post=153954"}],"curies":[{"name":"wp","href":"https:\/\/api.w.org\/{rel}","templated":true}]}}