{"id":153961,"date":"2025-02-18T09:42:01","date_gmt":"2025-02-18T07:42:01","guid":{"rendered":"https:\/\/4room.lv\/?post_type=product&#038;p=153961"},"modified":"2025-02-18T09:53:02","modified_gmt":"2025-02-18T07:53:02","slug":"orbit-5x8w-pendant","status":"publish","type":"product","link":"https:\/\/4room.lv\/lv\/veikals\/apgaismojums\/dekorativais\/orbit-5x8w-pendant\/","title":{"rendered":"Orbit 5x8W pendant coffee"},"content":{"rendered":"","protected":false},"excerpt":{"rendered":"<p>M\u016bsdien\u012bgs Led gaismeklis ar pla\u0161u funkciju kl\u0101stu. Gaismeklim ir 5 ar roku augstum\u0101 regul\u0113jami pendanti, kas stiprin\u0101ti vien\u0101 griestu stirpin\u0101jum\u0101. Vienk\u0101r\u0161i pavelkot gaismekli uz aug\u0161u vai leju ar roku, j\u016bs var\u0113siet katra pendanta augstumu piel\u0101got p\u0113c sav\u0101m v\u0113lm\u0113m. Tas ir lielisks risin\u0101jums virs galda vai letes.<\/p>\n<p>Gaismeklim ir jaud\u012bgs Led, kur uz leju ir koncentr\u0113t\u0101ka un jaud\u012bg\u0101ka gaisma, ko skaisti lau\u017e stikla l\u0113ca. Uz aug\u0161u gaisma b\u016bs maiga un klied\u0113ta de\u013c mat\u0113t\u0101 stikla.<\/p>\n<p>Gaismeklim ir tr\u012bs jaudas re\u017e\u012bmi 100%\/50%\/25%, ko vienk\u0101r\u0161i variet p\u0101rsl\u0113gt ar m\u0101jas gaismas sl\u0113dzi. Pie gaismek\u013ca griestu b\u0101zes ir sl\u0113dzis ar ko var\u0113siet pie uzlik\u0161anas izv\u0113l\u0113ties v\u0113lamo gaismas spektru\u00a0 &#8211; \u012bpa\u0161i siltu gaismu, silti baltu gaismu vai balto gaismu.<\/p>\n<p>Gaismeklis ir melns ar maigi kafijas br\u016bnu toni akcentam.<\/p>\n","protected":false},"featured_media":153977,"template":"","meta":[],"product_cat":[127,147],"product_tag":[],"class_list":{"0":"post-153961","1":"product","2":"type-product","3":"status-publish","4":"has-post-thumbnail","6":"product_brand-select","7":"product_cat-apgaismojums","8":"product_cat-dekorativais","10":"first","11":"instock","12":"shipping-taxable","13":"purchasable","14":"product-type-simple"},"_links":{"self":[{"href":"https:\/\/4room.lv\/lv\/wp-json\/wp\/v2\/product\/153961","targetHints":{"allow":["GET"]}}],"collection":[{"href":"https:\/\/4room.lv\/lv\/wp-json\/wp\/v2\/product"}],"about":[{"href":"https:\/\/4room.lv\/lv\/wp-json\/wp\/v2\/types\/product"}],"wp:featuredmedia":[{"embeddable":true,"href":"https:\/\/4room.lv\/lv\/wp-json\/wp\/v2\/media\/153977"}],"wp:attachment":[{"href":"https:\/\/4room.lv\/lv\/wp-json\/wp\/v2\/media?parent=153961"}],"wp:term":[{"taxonomy":"product_cat","embeddable":true,"href":"https:\/\/4room.lv\/lv\/wp-json\/wp\/v2\/product_cat?post=153961"},{"taxonomy":"product_tag","embeddable":true,"href":"https:\/\/4room.lv\/lv\/wp-json\/wp\/v2\/product_tag?post=153961"}],"curies":[{"name":"wp","href":"https:\/\/api.w.org\/{rel}","templated":true}]}}