{"id":153989,"date":"2025-02-18T10:06:04","date_gmt":"2025-02-18T08:06:04","guid":{"rendered":"https:\/\/4room.lv\/?post_type=product&#038;p=153989"},"modified":"2025-02-18T10:07:18","modified_gmt":"2025-02-18T08:07:18","slug":"ostuni-izvelkams-galds","status":"publish","type":"product","link":"https:\/\/4room.lv\/lv\/veikals\/mebeles\/galdi\/ostuni-izvelkams-galds\/","title":{"rendered":"Ostuni izvelkams galds"},"content":{"rendered":"","protected":false},"excerpt":{"rendered":"<p>It\u0101\u013cu dizaina izvelkamais galds, kas ir ar vieglu un \u0113rtu izvilk\u0161anas meh\u0101nismu ab\u0101s mal\u0101s. Virsma ir glanc\u0113tas keramikas ar silti pel\u0113ku marmora rakstu. K\u0101ja ir \u012bpa\u0161a dizaina no tum\u0161i pel\u0113ka met\u0101la.<\/p>\n<p>Elegants, bet funkcion\u0101ls un elegants risin\u0101jums j\u016bsu \u0113damistabai.<\/p>\n","protected":false},"featured_media":153993,"template":"","meta":[],"product_cat":[129,142],"product_tag":[],"class_list":{"0":"post-153989","1":"product","2":"type-product","3":"status-publish","4":"has-post-thumbnail","6":"product_brand-capodarte","7":"product_cat-mebeles","8":"product_cat-galdi","10":"first","11":"instock","12":"shipping-taxable","13":"purchasable","14":"product-type-simple"},"_links":{"self":[{"href":"https:\/\/4room.lv\/lv\/wp-json\/wp\/v2\/product\/153989","targetHints":{"allow":["GET"]}}],"collection":[{"href":"https:\/\/4room.lv\/lv\/wp-json\/wp\/v2\/product"}],"about":[{"href":"https:\/\/4room.lv\/lv\/wp-json\/wp\/v2\/types\/product"}],"wp:featuredmedia":[{"embeddable":true,"href":"https:\/\/4room.lv\/lv\/wp-json\/wp\/v2\/media\/153993"}],"wp:attachment":[{"href":"https:\/\/4room.lv\/lv\/wp-json\/wp\/v2\/media?parent=153989"}],"wp:term":[{"taxonomy":"product_cat","embeddable":true,"href":"https:\/\/4room.lv\/lv\/wp-json\/wp\/v2\/product_cat?post=153989"},{"taxonomy":"product_tag","embeddable":true,"href":"https:\/\/4room.lv\/lv\/wp-json\/wp\/v2\/product_tag?post=153989"}],"curies":[{"name":"wp","href":"https:\/\/api.w.org\/{rel}","templated":true}]}}