{"id":154002,"date":"2025-02-18T10:25:06","date_gmt":"2025-02-18T08:25:06","guid":{"rendered":"https:\/\/4room.lv\/?post_type=product&#038;p=154002"},"modified":"2025-02-18T10:25:47","modified_gmt":"2025-02-18T08:25:47","slug":"tubic-12x7w-white-gold","status":"publish","type":"product","link":"https:\/\/4room.lv\/lv\/veikals\/apgaismojums\/dekorativais\/tubic-12x7w-white-gold\/","title":{"rendered":"Tubic 12x7W white\/gold"},"content":{"rendered":"","protected":false},"excerpt":{"rendered":"<p>Burv\u012bg\u0101 Tubic lustra ar savu lielisko dizainu patiks ik vienam. T\u0101 ir minim\u0101listiska, bet ar nelielu dizaina odzi\u0146u. Viegla bet telpu aizpildo\u0161a. Un ar \u013coti labu gaismas atdevi uz virsmu, kas to padara par lab\u0101ko izv\u0113li k\u0101pn\u0113s, virs galda. Balt\u0101 un zelta to\u0146u kombin\u0101cija ir klasiska un eleganta, ko viegli b\u016bs pieska\u0146ot da\u017e\u0101diem interjeriem.<\/p>\n<p>Griestu b\u0101ze ir 60cm diametr\u0101 un taj\u0101 iek\u0101rtas 12 trubi\u0146as. Kop\u0113jai gaismek\u013ca garums ir l\u012bdz 250cm, l\u012bdz ar to piem\u0113rots ar\u012b augstiem griestiem.<\/p>\n<p>Pieejama ar\u012b zelta un meln\u0101 kr\u0101s\u0101.<\/p>\n","protected":false},"featured_media":154003,"template":"","meta":[],"product_cat":[127,147],"product_tag":[],"class_list":{"0":"post-154002","1":"product","2":"type-product","3":"status-publish","4":"has-post-thumbnail","6":"product_brand-ondaluce","7":"product_cat-apgaismojums","8":"product_cat-dekorativais","10":"first","11":"instock","12":"sale","13":"shipping-taxable","14":"purchasable","15":"product-type-simple","16":"hongo-alternate-image-wrap"},"_links":{"self":[{"href":"https:\/\/4room.lv\/lv\/wp-json\/wp\/v2\/product\/154002","targetHints":{"allow":["GET"]}}],"collection":[{"href":"https:\/\/4room.lv\/lv\/wp-json\/wp\/v2\/product"}],"about":[{"href":"https:\/\/4room.lv\/lv\/wp-json\/wp\/v2\/types\/product"}],"wp:featuredmedia":[{"embeddable":true,"href":"https:\/\/4room.lv\/lv\/wp-json\/wp\/v2\/media\/154003"}],"wp:attachment":[{"href":"https:\/\/4room.lv\/lv\/wp-json\/wp\/v2\/media?parent=154002"}],"wp:term":[{"taxonomy":"product_cat","embeddable":true,"href":"https:\/\/4room.lv\/lv\/wp-json\/wp\/v2\/product_cat?post=154002"},{"taxonomy":"product_tag","embeddable":true,"href":"https:\/\/4room.lv\/lv\/wp-json\/wp\/v2\/product_tag?post=154002"}],"curies":[{"name":"wp","href":"https:\/\/api.w.org\/{rel}","templated":true}]}}