{"id":154012,"date":"2025-02-18T11:14:26","date_gmt":"2025-02-18T09:14:26","guid":{"rendered":"https:\/\/4room.lv\/?post_type=product&#038;p=154012"},"modified":"2025-02-18T11:15:26","modified_gmt":"2025-02-18T09:15:26","slug":"diphy-suspension","status":"publish","type":"product","link":"https:\/\/4room.lv\/lv\/veikals\/apgaismojums\/dekorativais\/diphy-suspension\/","title":{"rendered":"Diphy suspension"},"content":{"rendered":"","protected":false},"excerpt":{"rendered":"<p>Gais\u012bgais Diphy modelis ir rad\u012bts no \u012bpa\u0161a akrila, kas apstr\u0101dats ar l\u0101zera mikrograv\u0113jumu PMMA ar OptiLight\u2122 tehnolo\u0123iju, radot unik\u0101lu izgaismojumu. Gaisma ir jaud\u012bga, bet maiga un pat\u012bkama.<\/p>\n<p>Gaismeklis ir ar augstv\u0113rt\u012bgu dim\u0113jamu Led. To var iek\u0101rt l\u012bdz pat 250cm, kas b\u016bs piem\u0113rots ar\u012b telp\u0101m ar augstiem griestiem. Lieliski izskat\u012bsies viens, ta\u010du izcilu efektu rada vair\u0101kigaismek\u013ci kompoz\u012bcij\u0101.<\/p>\n","protected":false},"featured_media":154022,"template":"","meta":[],"product_cat":[1058,127,147],"product_tag":[],"class_list":{"0":"post-154012","1":"product","2":"type-product","3":"status-publish","4":"has-post-thumbnail","6":"product_brand-stilnovo","7":"product_cat-dizaina","8":"product_cat-apgaismojums","9":"product_cat-dekorativais","11":"first","12":"instock","13":"shipping-taxable","14":"purchasable","15":"product-type-simple","16":"hongo-alternate-image-wrap"},"_links":{"self":[{"href":"https:\/\/4room.lv\/lv\/wp-json\/wp\/v2\/product\/154012","targetHints":{"allow":["GET"]}}],"collection":[{"href":"https:\/\/4room.lv\/lv\/wp-json\/wp\/v2\/product"}],"about":[{"href":"https:\/\/4room.lv\/lv\/wp-json\/wp\/v2\/types\/product"}],"wp:featuredmedia":[{"embeddable":true,"href":"https:\/\/4room.lv\/lv\/wp-json\/wp\/v2\/media\/154022"}],"wp:attachment":[{"href":"https:\/\/4room.lv\/lv\/wp-json\/wp\/v2\/media?parent=154012"}],"wp:term":[{"taxonomy":"product_cat","embeddable":true,"href":"https:\/\/4room.lv\/lv\/wp-json\/wp\/v2\/product_cat?post=154012"},{"taxonomy":"product_tag","embeddable":true,"href":"https:\/\/4room.lv\/lv\/wp-json\/wp\/v2\/product_tag?post=154012"}],"curies":[{"name":"wp","href":"https:\/\/api.w.org\/{rel}","templated":true}]}}