{"id":154031,"date":"2025-02-18T11:24:16","date_gmt":"2025-02-18T09:24:16","guid":{"rendered":"https:\/\/4room.lv\/?post_type=product&#038;p=154031"},"modified":"2025-12-28T19:19:00","modified_gmt":"2025-12-28T17:19:00","slug":"bistro-table-snow-desert-sage","status":"publish","type":"product","link":"https:\/\/4room.lv\/lv\/veikals\/mebeles\/galdi\/bistro-table-snow-desert-sage\/","title":{"rendered":"Bistro Table Snow Desert Sage"},"content":{"rendered":"","protected":false},"excerpt":{"rendered":"<p>Iecien\u012btais Snow galdi\u0146\u0161 jaun\u0101s sezonas aktu\u0101l\u0101kajos to\u0146os! \u0160osezon jaunie to\u0146i b\u0113\u0161s un salvijas za\u013c\u0161 atsvaidzin\u0101s interjeru.<\/p>\n<p>Vienk\u0101r\u0161as formas ar perfekto proporciju, optim\u0101l\u0101 izm\u0113r\u0101 un no notur\u012bga met\u0101la. Der\u0113s visda\u017e\u0101d\u0101kaj\u0101m vajadz\u012bb\u0101m &#8211; gan priv\u0101tm\u0101j\u0101m, t\u0101 kafejn\u012bc\u0101m.<\/p>\n","protected":false},"featured_media":154032,"template":"","meta":[],"product_cat":[129,142],"product_tag":[],"class_list":{"0":"post-154031","1":"product","2":"type-product","3":"status-publish","4":"has-post-thumbnail","6":"product_brand-dutch-bone","7":"product_brand-white-label-living","8":"product_brand-zuiver","9":"product_cat-mebeles","10":"product_cat-galdi","12":"first","13":"instock","14":"shipping-taxable","15":"purchasable","16":"product-type-simple","17":"hongo-alternate-image-wrap"},"_links":{"self":[{"href":"https:\/\/4room.lv\/lv\/wp-json\/wp\/v2\/product\/154031","targetHints":{"allow":["GET"]}}],"collection":[{"href":"https:\/\/4room.lv\/lv\/wp-json\/wp\/v2\/product"}],"about":[{"href":"https:\/\/4room.lv\/lv\/wp-json\/wp\/v2\/types\/product"}],"wp:featuredmedia":[{"embeddable":true,"href":"https:\/\/4room.lv\/lv\/wp-json\/wp\/v2\/media\/154032"}],"wp:attachment":[{"href":"https:\/\/4room.lv\/lv\/wp-json\/wp\/v2\/media?parent=154031"}],"wp:term":[{"taxonomy":"product_cat","embeddable":true,"href":"https:\/\/4room.lv\/lv\/wp-json\/wp\/v2\/product_cat?post=154031"},{"taxonomy":"product_tag","embeddable":true,"href":"https:\/\/4room.lv\/lv\/wp-json\/wp\/v2\/product_tag?post=154031"}],"curies":[{"name":"wp","href":"https:\/\/api.w.org\/{rel}","templated":true}]}}