{"id":154078,"date":"2025-02-19T18:58:28","date_gmt":"2025-02-19T16:58:28","guid":{"rendered":"https:\/\/4room.lv\/?post_type=product&#038;p=154078"},"modified":"2025-02-19T19:10:13","modified_gmt":"2025-02-19T17:10:13","slug":"tolomeo-floor-mega-led-3000k-black-dimmer-on-head","status":"publish","type":"product","link":"https:\/\/4room.lv\/lv\/veikals\/apgaismojums\/dekorativais\/tolomeo-floor-mega-led-3000k-black-dimmer-on-head\/","title":{"rendered":"Tolomeo Floor Mega &#8211; LED 3000K &#8211; Black &#8211; Dimmer on head"},"content":{"rendered":"","protected":false},"excerpt":{"rendered":"<p>Ikonisk\u0101 Tolomeo s\u0113rija no Artemide ir visiem labi zin\u0101ma dizaina ikona, kas priec\u0113 dizaina m\u012b\u013cus jau kop\u0161 1987. gada un ir\u00a0 dizaineru Michele De Lucchi un Giancarlo Fassina gara darbs. Mega st\u0101vlampa viennoz\u012bm\u012bgi netastaj vienaldz\u012bgu. Izcili funkcion\u0101la, ar mehanismu kas nepievils un dizainu ar raksturu b\u016bs t\u0101 lampa, kas kalpos un priec\u0113s j\u016bsu visu m\u016b\u017eu.<\/p>\n<p>Jaunakajai \u0161\u012b mod\u0113\u013ca versijai ir integr\u0113ts jaud\u012bgs Led modulis, ko var dim\u0113t. Dimeris vair neatrodas uz gr\u012bdas pie vada, bet ir pozicion\u0113ts \u013coti \u0113rt\u0101 viet\u0101, tie\u0161i tur kur atrodas Led spuldze, l\u012bdz ar to gaismek\u013ca jaudu pamain\u012bt var\u0113siet sev \u0113rt\u0101 br\u012bd\u012b.<\/p>\n<p>Konkr\u0113t\u0101 komplekt\u0101cija ir ar melnu m\u0101ju un melnu sat\u012bna aba\u017e\u016bru 42cm diametr\u0101.<\/p>\n<p>Ja v\u0113laties ieg\u0101d\u0101ties \u0161o modeli cit\u0101 komplekt\u0101cij\u0101, tad dro\u0161i sazinieties ar mums un pal\u012bdz\u0113sim.<\/p>\n","protected":false},"featured_media":154085,"template":"","meta":[],"product_cat":[1058,127,147],"product_tag":[],"class_list":{"0":"post-154078","1":"product","2":"type-product","3":"status-publish","4":"has-post-thumbnail","6":"product_brand-artemide","7":"product_cat-dizaina","8":"product_cat-apgaismojums","9":"product_cat-dekorativais","11":"first","12":"instock","13":"shipping-taxable","14":"purchasable","15":"product-type-simple","16":"hongo-alternate-image-wrap"},"_links":{"self":[{"href":"https:\/\/4room.lv\/lv\/wp-json\/wp\/v2\/product\/154078","targetHints":{"allow":["GET"]}}],"collection":[{"href":"https:\/\/4room.lv\/lv\/wp-json\/wp\/v2\/product"}],"about":[{"href":"https:\/\/4room.lv\/lv\/wp-json\/wp\/v2\/types\/product"}],"wp:featuredmedia":[{"embeddable":true,"href":"https:\/\/4room.lv\/lv\/wp-json\/wp\/v2\/media\/154085"}],"wp:attachment":[{"href":"https:\/\/4room.lv\/lv\/wp-json\/wp\/v2\/media?parent=154078"}],"wp:term":[{"taxonomy":"product_cat","embeddable":true,"href":"https:\/\/4room.lv\/lv\/wp-json\/wp\/v2\/product_cat?post=154078"},{"taxonomy":"product_tag","embeddable":true,"href":"https:\/\/4room.lv\/lv\/wp-json\/wp\/v2\/product_tag?post=154078"}],"curies":[{"name":"wp","href":"https:\/\/api.w.org\/{rel}","templated":true}]}}