{"id":154136,"date":"2025-02-20T09:54:12","date_gmt":"2025-02-20T07:54:12","guid":{"rendered":"https:\/\/4room.lv\/?post_type=product&#038;p=154136"},"modified":"2025-02-20T09:54:13","modified_gmt":"2025-02-20T07:54:13","slug":"button-51-black","status":"publish","type":"product","link":"https:\/\/4room.lv\/lv\/veikals\/apgaismojums\/dekorativais\/button-51-black\/","title":{"rendered":"Button 51 black"},"content":{"rendered":"","protected":false},"excerpt":{"rendered":"<p>M\u016bsdien\u012bgs griestu gaismeklis ar labu gaismu. Tam ir klied\u0113ta gaisma pa gaismek\u013ca iek\u0161\u0113jo perimetru un pa vidu koncentr\u0113t\u0101ka gaisma, kas dod starojumu uz leju. Kas nodrosina labu un vienm\u0113r\u012bgu izgaismojumu.<\/p>\n<p>Gaismeklim ir ar\u012b Step Dim funkcija, kad ar majas parasto gaismas sl\u0113dzi varat tr\u012bs intensit\u0101tes rez\u012bmus p\u0101rsl\u0113gt.<\/p>\n<p>&nbsp;<\/p>\n","protected":false},"featured_media":154137,"template":"","meta":[],"product_cat":[127,148,147],"product_tag":[],"class_list":{"0":"post-154136","1":"product","2":"type-product","3":"status-publish","4":"has-post-thumbnail","6":"product_cat-apgaismojums","7":"product_cat-arhitekturalais","8":"product_cat-dekorativais","10":"first","11":"instock","12":"shipping-taxable","13":"purchasable","14":"product-type-simple","15":"hongo-alternate-image-wrap"},"_links":{"self":[{"href":"https:\/\/4room.lv\/lv\/wp-json\/wp\/v2\/product\/154136","targetHints":{"allow":["GET"]}}],"collection":[{"href":"https:\/\/4room.lv\/lv\/wp-json\/wp\/v2\/product"}],"about":[{"href":"https:\/\/4room.lv\/lv\/wp-json\/wp\/v2\/types\/product"}],"wp:featuredmedia":[{"embeddable":true,"href":"https:\/\/4room.lv\/lv\/wp-json\/wp\/v2\/media\/154137"}],"wp:attachment":[{"href":"https:\/\/4room.lv\/lv\/wp-json\/wp\/v2\/media?parent=154136"}],"wp:term":[{"taxonomy":"product_cat","embeddable":true,"href":"https:\/\/4room.lv\/lv\/wp-json\/wp\/v2\/product_cat?post=154136"},{"taxonomy":"product_tag","embeddable":true,"href":"https:\/\/4room.lv\/lv\/wp-json\/wp\/v2\/product_tag?post=154136"}],"curies":[{"name":"wp","href":"https:\/\/api.w.org\/{rel}","templated":true}]}}