{"id":154146,"date":"2025-02-20T10:02:31","date_gmt":"2025-02-20T08:02:31","guid":{"rendered":"https:\/\/4room.lv\/?post_type=product&#038;p=154146"},"modified":"2025-02-20T10:02:31","modified_gmt":"2025-02-20T08:02:31","slug":"delie-wall-lamp-aged-gold","status":"publish","type":"product","link":"https:\/\/4room.lv\/lv\/veikals\/apgaismojums\/dekorativais\/delie-wall-lamp-aged-gold\/","title":{"rendered":"Delie wall lamp aged gold"},"content":{"rendered":"","protected":false},"excerpt":{"rendered":"<p>Elegant\u0101 Delie sienas lampa dos dekorat\u012bvu akcentu j\u016bsu telp\u0101m. Silts veczelts un bagat\u012bgais marmors apvienojum\u0101 ar balto, mat\u0113to stikla kupolu rada ekskluz\u012bvu kombin\u0101ciju.<\/p>\n","protected":false},"featured_media":154150,"template":"","meta":[],"product_cat":[1058,127,147],"product_tag":[],"class_list":{"0":"post-154146","1":"product","2":"type-product","3":"status-publish","4":"has-post-thumbnail","6":"product_brand-aromas-del-campo","7":"product_cat-dizaina","8":"product_cat-apgaismojums","9":"product_cat-dekorativais","11":"first","12":"instock","13":"shipping-taxable","14":"purchasable","15":"product-type-simple","16":"hongo-alternate-image-wrap"},"_links":{"self":[{"href":"https:\/\/4room.lv\/lv\/wp-json\/wp\/v2\/product\/154146","targetHints":{"allow":["GET"]}}],"collection":[{"href":"https:\/\/4room.lv\/lv\/wp-json\/wp\/v2\/product"}],"about":[{"href":"https:\/\/4room.lv\/lv\/wp-json\/wp\/v2\/types\/product"}],"wp:featuredmedia":[{"embeddable":true,"href":"https:\/\/4room.lv\/lv\/wp-json\/wp\/v2\/media\/154150"}],"wp:attachment":[{"href":"https:\/\/4room.lv\/lv\/wp-json\/wp\/v2\/media?parent=154146"}],"wp:term":[{"taxonomy":"product_cat","embeddable":true,"href":"https:\/\/4room.lv\/lv\/wp-json\/wp\/v2\/product_cat?post=154146"},{"taxonomy":"product_tag","embeddable":true,"href":"https:\/\/4room.lv\/lv\/wp-json\/wp\/v2\/product_tag?post=154146"}],"curies":[{"name":"wp","href":"https:\/\/api.w.org\/{rel}","templated":true}]}}