{"id":154156,"date":"2025-02-20T15:08:47","date_gmt":"2025-02-20T13:08:47","guid":{"rendered":"https:\/\/4room.lv\/?post_type=product&#038;p=154156"},"modified":"2025-02-20T15:08:47","modified_gmt":"2025-02-20T13:08:47","slug":"vyro-x1-round-terracota","status":"publish","type":"product","link":"https:\/\/4room.lv\/lv\/veikals\/apgaismojums\/arhitekturalais\/vyro-x1-round-terracota\/","title":{"rendered":"VYRO x1 round terracota"},"content":{"rendered":"","protected":false},"excerpt":{"rendered":"<p>Aktu\u0101las formas un aktual\u0101kie to\u0146i jaunaj\u0101s AqForm kolekcij\u0101s. Vyro modelis b\u016bs labs risin\u0101jums telp\u0101m, kur nav nepiecie\u0161ams izteikti spo\u017es apgaismojums, bet v\u0113laties izgaismot zonas izmantojot vairakus gaismek\u013cus.<\/p>\n<p>Modern\u0101 terakotas ton\u012b ar melnu reflektoru unik\u0101lam dizaina risinajumam.<\/p>\n<p>Ir iesp\u0113jas izv\u0113l\u0113ties vitus to\u0146us un spektru. Par vis\u0101m gaismek\u013ca iesp\u0113j\u0101m variet jaut\u0101t mums.<\/p>\n","protected":false},"featured_media":154157,"template":"","meta":[],"product_cat":[1058,127,148],"product_tag":[],"class_list":{"0":"post-154156","1":"product","2":"type-product","3":"status-publish","4":"has-post-thumbnail","6":"product_brand-aqform","7":"product_cat-dizaina","8":"product_cat-apgaismojums","9":"product_cat-arhitekturalais","11":"first","12":"instock","13":"shipping-taxable","14":"purchasable","15":"product-type-simple","16":"hongo-alternate-image-wrap"},"_links":{"self":[{"href":"https:\/\/4room.lv\/lv\/wp-json\/wp\/v2\/product\/154156","targetHints":{"allow":["GET"]}}],"collection":[{"href":"https:\/\/4room.lv\/lv\/wp-json\/wp\/v2\/product"}],"about":[{"href":"https:\/\/4room.lv\/lv\/wp-json\/wp\/v2\/types\/product"}],"wp:featuredmedia":[{"embeddable":true,"href":"https:\/\/4room.lv\/lv\/wp-json\/wp\/v2\/media\/154157"}],"wp:attachment":[{"href":"https:\/\/4room.lv\/lv\/wp-json\/wp\/v2\/media?parent=154156"}],"wp:term":[{"taxonomy":"product_cat","embeddable":true,"href":"https:\/\/4room.lv\/lv\/wp-json\/wp\/v2\/product_cat?post=154156"},{"taxonomy":"product_tag","embeddable":true,"href":"https:\/\/4room.lv\/lv\/wp-json\/wp\/v2\/product_tag?post=154156"}],"curies":[{"name":"wp","href":"https:\/\/api.w.org\/{rel}","templated":true}]}}