{"id":154191,"date":"2025-02-24T11:29:22","date_gmt":"2025-02-24T09:29:22","guid":{"rendered":"https:\/\/4room.lv\/?post_type=product&#038;p=154191"},"modified":"2025-08-25T10:37:54","modified_gmt":"2025-08-25T07:37:54","slug":"plana-virsapmetuma-magnetiska-sliede-komplekts-3m-sliede-un-5-gaismekli","status":"publish","type":"product","link":"https:\/\/4room.lv\/lv\/veikals\/apgaismojums\/arhitekturalais\/plana-virsapmetuma-magnetiska-sliede-komplekts-3m-sliede-un-5-gaismekli\/","title":{"rendered":"Pl\u0101n\u0101 virsapmetuma magn\u0113tisk\u0101 sliede \u2013 komplekts 3m sliede un 5 gaismek\u013ci"},"content":{"rendered":"","protected":false},"excerpt":{"rendered":"<p>Jaun\u0101k\u0101s paaudzes virsapmetuma magn\u0113tisk\u0101s sliedes komplekts. Viegla instal\u0101cija, kas aizstaj ieb\u016bv\u0113t\u0101s sliedes risin\u0101jumu, jo ir \u012bpa\u0161i pl\u0101na un rada ieb\u016bv\u0113tas sliedes efektu. Dro\u0161a izmanto\u0161anai ar\u012b uz sienas. Gaismek\u013cus var br\u012bvi p\u0101rvietot pa sliedi, iz\u0146emt un ielikt. Viss nepiecie\u0161amais instal\u0101cijai iek\u013cauts komplekt\u0101. Komplekt\u0101 ietilpst<\/p>\n<p>1x2m sliede<\/p>\n<p>1x2m sliede + gala nosegi + savienojums<\/p>\n<p>3x6W spotgaismas 440lm\/3000K<\/p>\n<p>2x18W line\u0101ri gaismek\u013ci 1850lm\/3000K<\/p>\n<p>1x48V tranform\u0101tors, ieliekams slied\u0113<\/p>\n<p>Ja nepiecie\u0161ama cita veida komplekt\u0101cija, tad dro\u0161i sazinieties ar mums un pal\u012bdz\u0113sim nokomplekt\u0113t jums nepeicie\u0161amo.<\/p>\n<p>&nbsp;<\/p>\n","protected":false},"featured_media":154192,"template":"","meta":[],"product_cat":[127,148,149],"product_tag":[],"class_list":{"0":"post-154191","1":"product","2":"type-product","3":"status-publish","4":"has-post-thumbnail","6":"product_cat-apgaismojums","7":"product_cat-arhitekturalais","8":"product_cat-industrialais","10":"first","11":"instock","12":"shipping-taxable","13":"purchasable","14":"product-type-simple"},"_links":{"self":[{"href":"https:\/\/4room.lv\/lv\/wp-json\/wp\/v2\/product\/154191","targetHints":{"allow":["GET"]}}],"collection":[{"href":"https:\/\/4room.lv\/lv\/wp-json\/wp\/v2\/product"}],"about":[{"href":"https:\/\/4room.lv\/lv\/wp-json\/wp\/v2\/types\/product"}],"wp:featuredmedia":[{"embeddable":true,"href":"https:\/\/4room.lv\/lv\/wp-json\/wp\/v2\/media\/154192"}],"wp:attachment":[{"href":"https:\/\/4room.lv\/lv\/wp-json\/wp\/v2\/media?parent=154191"}],"wp:term":[{"taxonomy":"product_cat","embeddable":true,"href":"https:\/\/4room.lv\/lv\/wp-json\/wp\/v2\/product_cat?post=154191"},{"taxonomy":"product_tag","embeddable":true,"href":"https:\/\/4room.lv\/lv\/wp-json\/wp\/v2\/product_tag?post=154191"}],"curies":[{"name":"wp","href":"https:\/\/api.w.org\/{rel}","templated":true}]}}