{"id":154214,"date":"2025-02-24T12:34:19","date_gmt":"2025-02-24T10:34:19","guid":{"rendered":"https:\/\/4room.lv\/?post_type=product&#038;p=154214"},"modified":"2025-02-24T12:37:17","modified_gmt":"2025-02-24T10:37:17","slug":"bell-pendant","status":"publish","type":"product","link":"https:\/\/4room.lv\/lv\/veikals\/apgaismojums\/dekorativais\/bell-pendant\/","title":{"rendered":"Bell pendant"},"content":{"rendered":"","protected":false},"excerpt":{"rendered":"<p>Skaistais Bell sniegs izmalcin\u0101t\u012bbu jebkurai telpai. Klasiskas formas no baga\u012bgiem materi\u0101liem. Kupols ir keramikas, kas kr\u0101sots ar rok\u0101m, no \u0101rpuses gaisi pel\u0113ks, iek\u0161pus\u0113 gai\u0161i roz\u012bgs. To rot\u0101 eleganta za\u013ca marmora lode. Tam ir pavisam neliels metala stiprin\u0101jums, kas nerad\u012bs mas\u012bvu saj\u016btu pie griestiem, k\u0101 a\u0157\u012b var\u0113s ielikt, piem\u0113ram, griestu dekoros.<\/p>\n<p>Gaismu nodro\u0161in\u0101s E27 spuldze, kas nav iek\u013cauta komplekt\u0101cij\u0101, bet tas jums \u013caus izv\u0113l\u0113ties v\u0113lamo spektru un jaudu. Gasimu gaismeklis dos uz leju, l\u012bdz ar to piem\u0113rot\u0101ks b\u016bs virs galdi\u0146iem, let\u0113m.<\/p>\n","protected":false},"featured_media":154224,"template":"","meta":[],"product_cat":[1058,127,147],"product_tag":[],"class_list":{"0":"post-154214","1":"product","2":"type-product","3":"status-publish","4":"has-post-thumbnail","6":"product_brand-aromas-del-campo","7":"product_cat-dizaina","8":"product_cat-apgaismojums","9":"product_cat-dekorativais","11":"first","12":"instock","13":"shipping-taxable","14":"purchasable","15":"product-type-simple"},"_links":{"self":[{"href":"https:\/\/4room.lv\/lv\/wp-json\/wp\/v2\/product\/154214","targetHints":{"allow":["GET"]}}],"collection":[{"href":"https:\/\/4room.lv\/lv\/wp-json\/wp\/v2\/product"}],"about":[{"href":"https:\/\/4room.lv\/lv\/wp-json\/wp\/v2\/types\/product"}],"wp:featuredmedia":[{"embeddable":true,"href":"https:\/\/4room.lv\/lv\/wp-json\/wp\/v2\/media\/154224"}],"wp:attachment":[{"href":"https:\/\/4room.lv\/lv\/wp-json\/wp\/v2\/media?parent=154214"}],"wp:term":[{"taxonomy":"product_cat","embeddable":true,"href":"https:\/\/4room.lv\/lv\/wp-json\/wp\/v2\/product_cat?post=154214"},{"taxonomy":"product_tag","embeddable":true,"href":"https:\/\/4room.lv\/lv\/wp-json\/wp\/v2\/product_tag?post=154214"}],"curies":[{"name":"wp","href":"https:\/\/api.w.org\/{rel}","templated":true}]}}