{"id":154233,"date":"2025-02-24T15:32:17","date_gmt":"2025-02-24T13:32:17","guid":{"rendered":"https:\/\/4room.lv\/?post_type=product&#038;p=154233"},"modified":"2025-02-24T15:32:17","modified_gmt":"2025-02-24T13:32:17","slug":"hidden-gem-56cm","status":"publish","type":"product","link":"https:\/\/4room.lv\/lv\/veikals\/apgaismojums\/dekorativais\/hidden-gem-56cm\/","title":{"rendered":"Hidden Gem 56cm"},"content":{"rendered":"","protected":false},"excerpt":{"rendered":"<p>Grezns krist\u0101la gaismeklis, kam p\u0101rdom\u0101ti izvietoti causrp\u012bd\u012bgi un d\u016bmakoti krist\u0101li da\u017e\u0101dos izm\u0113ros, veidojot interesantu gaismas sp\u0113li. Kas ir unikali \u0161im gaismeklim\u00a0 \u00a0&#8211; gaismek\u013ca dizaineris Tonijs Irvings ir tam komplekt\u0101 pievienojis 4 kr\u0101sainus krist\u0101lus. Kurus variet main\u012bt vadoties p\u0113c noska\u0146ojuma.<\/p>\n<p>Lustrai ir 6 spuldzes, tr\u012bs sp\u012bd uz aug\u0161u un divas uz leju, vienm\u0113r\u012bgam izgaismojumam. T\u0101s komplekt\u0101cij\u0101 nen\u0101k, l\u012bdz ar to variet t\u0101s pieska\u0146ot sav\u0101m v\u0113lm\u0113s. Iesak\u0101m caursp\u012bd\u012bgas led spuldz\u012btes.<\/p>\n<p>&nbsp;<\/p>\n","protected":false},"featured_media":154234,"template":"","meta":[],"product_cat":[127,147],"product_tag":[],"class_list":{"0":"post-154233","1":"product","2":"type-product","3":"status-publish","4":"has-post-thumbnail","6":"product_brand-markslojd","7":"product_cat-apgaismojums","8":"product_cat-dekorativais","10":"first","11":"instock","12":"sale","13":"shipping-taxable","14":"purchasable","15":"product-type-simple","16":"hongo-alternate-image-wrap"},"_links":{"self":[{"href":"https:\/\/4room.lv\/lv\/wp-json\/wp\/v2\/product\/154233","targetHints":{"allow":["GET"]}}],"collection":[{"href":"https:\/\/4room.lv\/lv\/wp-json\/wp\/v2\/product"}],"about":[{"href":"https:\/\/4room.lv\/lv\/wp-json\/wp\/v2\/types\/product"}],"wp:featuredmedia":[{"embeddable":true,"href":"https:\/\/4room.lv\/lv\/wp-json\/wp\/v2\/media\/154234"}],"wp:attachment":[{"href":"https:\/\/4room.lv\/lv\/wp-json\/wp\/v2\/media?parent=154233"}],"wp:term":[{"taxonomy":"product_cat","embeddable":true,"href":"https:\/\/4room.lv\/lv\/wp-json\/wp\/v2\/product_cat?post=154233"},{"taxonomy":"product_tag","embeddable":true,"href":"https:\/\/4room.lv\/lv\/wp-json\/wp\/v2\/product_tag?post=154233"}],"curies":[{"name":"wp","href":"https:\/\/api.w.org\/{rel}","templated":true}]}}