{"id":154255,"date":"2025-02-24T17:53:44","date_gmt":"2025-02-24T15:53:44","guid":{"rendered":"https:\/\/4room.lv\/?post_type=product&#038;p=154255"},"modified":"2025-02-24T17:54:42","modified_gmt":"2025-02-24T15:54:42","slug":"nori-80cm-bronze","status":"publish","type":"product","link":"https:\/\/4room.lv\/lv\/veikals\/mebeles\/galdi\/nori-80cm-bronze\/","title":{"rendered":"Nori 80cm Bronze"},"content":{"rendered":"","protected":false},"excerpt":{"rendered":"<p>Izsmalcin\u0101ts un unik\u0101ls it\u0101\u013cu dizaina galds, kas ir no bieza, nel\u012bdzena stikla. Tas ir \u012bpa\u0161i apstr\u0101d\u0101ts, lai virsma b\u016btu gluda un reljefs b\u016btu tikai apak\u0161pus\u0113, k\u0101 ar\u012b lai b\u016btu iztur\u012bgs. Tam ir skaists bronz\u012bgs br\u016bnais tonis, kas rad\u012bs siltu un pat\u012bkamu akcentu telp\u0101.<\/p>\n","protected":false},"featured_media":154265,"template":"","meta":[],"product_cat":[129,142],"product_tag":[],"class_list":{"0":"post-154255","1":"product","2":"type-product","3":"status-publish","4":"has-post-thumbnail","6":"product_brand-capodarte","7":"product_cat-mebeles","8":"product_cat-galdi","10":"first","11":"instock","12":"shipping-taxable","13":"purchasable","14":"product-type-simple","15":"hongo-alternate-image-wrap"},"_links":{"self":[{"href":"https:\/\/4room.lv\/lv\/wp-json\/wp\/v2\/product\/154255","targetHints":{"allow":["GET"]}}],"collection":[{"href":"https:\/\/4room.lv\/lv\/wp-json\/wp\/v2\/product"}],"about":[{"href":"https:\/\/4room.lv\/lv\/wp-json\/wp\/v2\/types\/product"}],"wp:featuredmedia":[{"embeddable":true,"href":"https:\/\/4room.lv\/lv\/wp-json\/wp\/v2\/media\/154265"}],"wp:attachment":[{"href":"https:\/\/4room.lv\/lv\/wp-json\/wp\/v2\/media?parent=154255"}],"wp:term":[{"taxonomy":"product_cat","embeddable":true,"href":"https:\/\/4room.lv\/lv\/wp-json\/wp\/v2\/product_cat?post=154255"},{"taxonomy":"product_tag","embeddable":true,"href":"https:\/\/4room.lv\/lv\/wp-json\/wp\/v2\/product_tag?post=154255"}],"curies":[{"name":"wp","href":"https:\/\/api.w.org\/{rel}","templated":true}]}}