{"id":154269,"date":"2025-02-25T14:45:49","date_gmt":"2025-02-25T12:45:49","guid":{"rendered":"https:\/\/4room.lv\/?post_type=product&#038;p=154269"},"modified":"2025-02-26T11:32:39","modified_gmt":"2025-02-26T09:32:39","slug":"alba-bed-180x200-linen-green","status":"publish","type":"product","link":"https:\/\/4room.lv\/lv\/veikals\/mebeles\/gultas\/alba-bed-180x200-linen-green\/","title":{"rendered":"Alba bed 180&#215;200 linen green"},"content":{"rendered":"","protected":false},"excerpt":{"rendered":"<p>Iedvesmojo\u0161a dizaina gulta no it\u0101\u013cu brenda Mogg! Izcils diains un kvalit\u0101te, bet kas rad\u012bs maj\u012bgu un omul\u012bgu noska\u0146u j\u016bsu gu\u013camistab\u0101.<\/p>\n<p>Tai ir k\u0101r\u012bgs koka ramis. Apvilkta ar m\u012bsktu pild\u012bjumu un no\u0146emamu lina audumu dab\u012bgi za\u013c\u0101 ton\u012b.<\/p>\n<p>Gulta piem\u0113rota matracim 180&#215;200<\/p>\n","protected":false},"featured_media":154270,"template":"","meta":[],"product_cat":[129,146],"product_tag":[],"class_list":{"0":"post-154269","1":"product","2":"type-product","3":"status-publish","4":"has-post-thumbnail","6":"product_brand-mogg","7":"product_cat-mebeles","8":"product_cat-gultas","10":"first","11":"instock","12":"shipping-taxable","13":"purchasable","14":"product-type-simple","15":"hongo-alternate-image-wrap"},"_links":{"self":[{"href":"https:\/\/4room.lv\/lv\/wp-json\/wp\/v2\/product\/154269","targetHints":{"allow":["GET"]}}],"collection":[{"href":"https:\/\/4room.lv\/lv\/wp-json\/wp\/v2\/product"}],"about":[{"href":"https:\/\/4room.lv\/lv\/wp-json\/wp\/v2\/types\/product"}],"wp:featuredmedia":[{"embeddable":true,"href":"https:\/\/4room.lv\/lv\/wp-json\/wp\/v2\/media\/154270"}],"wp:attachment":[{"href":"https:\/\/4room.lv\/lv\/wp-json\/wp\/v2\/media?parent=154269"}],"wp:term":[{"taxonomy":"product_cat","embeddable":true,"href":"https:\/\/4room.lv\/lv\/wp-json\/wp\/v2\/product_cat?post=154269"},{"taxonomy":"product_tag","embeddable":true,"href":"https:\/\/4room.lv\/lv\/wp-json\/wp\/v2\/product_tag?post=154269"}],"curies":[{"name":"wp","href":"https:\/\/api.w.org\/{rel}","templated":true}]}}