{"id":154276,"date":"2025-02-25T17:39:10","date_gmt":"2025-02-25T15:39:10","guid":{"rendered":"https:\/\/4room.lv\/?post_type=product&#038;p=154276"},"modified":"2025-02-26T09:42:23","modified_gmt":"2025-02-26T07:42:23","slug":"izvelkams-divans-kent","status":"publish","type":"product","link":"https:\/\/4room.lv\/lv\/veikals\/mebeles\/divani\/izvelkams-divans-kent\/","title":{"rendered":"Izvelkams d\u012bv\u0101ns Kent"},"content":{"rendered":"","protected":false},"excerpt":{"rendered":"<p>Stil\u012bgs un kompakts izvelkams d\u012bv\u0101ns. Konkr\u0113tais pel\u0113k\u0101 m\u012bksta audum\u0101, kas ir no 1. cenu kategorijas.<\/p>\n<p>Pieejams da\u017e\u0101dos materi\u0101los, paraugus iesp\u0113ja apl\u016bkot m\u016bsu salon\u0101. Cena var main\u012bties no izv\u0113l\u0113t\u0101 materi\u0101la. Ja ir jautajumi sazinieties ar mums un pal\u012bdz\u0113sim.<\/p>\n","protected":false},"featured_media":154283,"template":"","meta":[],"product_cat":[129,145],"product_tag":[],"class_list":{"0":"post-154276","1":"product","2":"type-product","3":"status-publish","4":"has-post-thumbnail","6":"product_brand-ermatiko","7":"product_cat-mebeles","8":"product_cat-divani","10":"first","11":"instock","12":"shipping-taxable","13":"purchasable","14":"product-type-simple","15":"hongo-alternate-image-wrap"},"_links":{"self":[{"href":"https:\/\/4room.lv\/lv\/wp-json\/wp\/v2\/product\/154276","targetHints":{"allow":["GET"]}}],"collection":[{"href":"https:\/\/4room.lv\/lv\/wp-json\/wp\/v2\/product"}],"about":[{"href":"https:\/\/4room.lv\/lv\/wp-json\/wp\/v2\/types\/product"}],"wp:featuredmedia":[{"embeddable":true,"href":"https:\/\/4room.lv\/lv\/wp-json\/wp\/v2\/media\/154283"}],"wp:attachment":[{"href":"https:\/\/4room.lv\/lv\/wp-json\/wp\/v2\/media?parent=154276"}],"wp:term":[{"taxonomy":"product_cat","embeddable":true,"href":"https:\/\/4room.lv\/lv\/wp-json\/wp\/v2\/product_cat?post=154276"},{"taxonomy":"product_tag","embeddable":true,"href":"https:\/\/4room.lv\/lv\/wp-json\/wp\/v2\/product_tag?post=154276"}],"curies":[{"name":"wp","href":"https:\/\/api.w.org\/{rel}","templated":true}]}}