{"id":154292,"date":"2025-02-26T09:49:05","date_gmt":"2025-02-26T07:49:05","guid":{"rendered":"https:\/\/4room.lv\/?post_type=product&#038;p=154292"},"modified":"2025-02-26T09:49:06","modified_gmt":"2025-02-26T07:49:06","slug":"bamboo-pendant-black-1xe27","status":"publish","type":"product","link":"https:\/\/4room.lv\/lv\/veikals\/apgaismojums\/dekorativais\/bamboo-pendant-black-1xe27\/","title":{"rendered":"Bamboo pendant black 1xE27"},"content":{"rendered":"","protected":false},"excerpt":{"rendered":"<p>Gias\u012bgs bambusa pinuma gaismeklis ar vienu E27 spuldzi. Atkar\u012bba no izv\u0113l\u0113t\u0101s spuldzes var\u0113siet rad\u012bt sev v\u0113lamu atmosf\u0113risku apgaismojumu.<\/p>\n","protected":false},"featured_media":154293,"template":"","meta":[],"product_cat":[127,147],"product_tag":[],"class_list":{"0":"post-154292","1":"product","2":"type-product","3":"status-publish","4":"has-post-thumbnail","6":"product_brand-zambelis","7":"product_cat-apgaismojums","8":"product_cat-dekorativais","10":"first","11":"instock","12":"shipping-taxable","13":"purchasable","14":"product-type-simple","15":"hongo-alternate-image-wrap"},"_links":{"self":[{"href":"https:\/\/4room.lv\/lv\/wp-json\/wp\/v2\/product\/154292","targetHints":{"allow":["GET"]}}],"collection":[{"href":"https:\/\/4room.lv\/lv\/wp-json\/wp\/v2\/product"}],"about":[{"href":"https:\/\/4room.lv\/lv\/wp-json\/wp\/v2\/types\/product"}],"wp:featuredmedia":[{"embeddable":true,"href":"https:\/\/4room.lv\/lv\/wp-json\/wp\/v2\/media\/154293"}],"wp:attachment":[{"href":"https:\/\/4room.lv\/lv\/wp-json\/wp\/v2\/media?parent=154292"}],"wp:term":[{"taxonomy":"product_cat","embeddable":true,"href":"https:\/\/4room.lv\/lv\/wp-json\/wp\/v2\/product_cat?post=154292"},{"taxonomy":"product_tag","embeddable":true,"href":"https:\/\/4room.lv\/lv\/wp-json\/wp\/v2\/product_tag?post=154292"}],"curies":[{"name":"wp","href":"https:\/\/api.w.org\/{rel}","templated":true}]}}