{"id":154312,"date":"2025-02-26T10:13:31","date_gmt":"2025-02-26T08:13:31","guid":{"rendered":"https:\/\/4room.lv\/?post_type=product&#038;p=154312"},"modified":"2025-02-26T10:13:32","modified_gmt":"2025-02-26T08:13:32","slug":"multi-pendant-o600mm","status":"publish","type":"product","link":"https:\/\/4room.lv\/lv\/veikals\/apgaismojums\/dekorativais\/multi-pendant-o600mm\/","title":{"rendered":"MULTI PENDANT \u00f8600mm"},"content":{"rendered":"","protected":false},"excerpt":{"rendered":"<p>Sul\u012bgi \u0101bolu za\u013c\u0161 aba\u017e\u016bra gaismeklis ar 3 E27 spuld\u017eu stirpin\u0101jumu balt\u0101 kr\u0101s\u0101. Kr\u0101s\u0101 izteiksm\u012bgs un izm\u0113r\u0101 iespaid\u012bgs. Gaismeklis rad\u012bs m\u0101j\u012bgu atmosf\u0113ru un pal\u012bdz\u0113s ar ska\u0146as slap\u0113\u0161anu telp\u0101.<\/p>\n<p>Visi m\u016bsu gaismek\u013ci ir roku darbs, nodro\u0161inot augst\u0101ko kvalit\u0101ti.<\/p>\n<p>Un ja k\u0101dreiz v\u0113laties ko pamain\u012bt interjer\u0101, var\u0113siet atsevi\u0161\u0137i pas\u016bt\u012bt no mums jaunu aba\u017e\u016bru cit\u0101 sev v\u0113lam\u0101 kr\u0101s\u0101, nodro\u0161inot ilgm\u016b\u017e\u012bbu savai lampai!<\/p>\n","protected":false},"featured_media":154319,"template":"","meta":[],"product_cat":[127,147],"product_tag":[],"class_list":{"0":"post-154312","1":"product","2":"type-product","3":"status-publish","4":"has-post-thumbnail","6":"product_brand-4room","7":"product_cat-apgaismojums","8":"product_cat-dekorativais","10":"first","11":"instock","12":"shipping-taxable","13":"purchasable","14":"product-type-simple","15":"hongo-alternate-image-wrap"},"_links":{"self":[{"href":"https:\/\/4room.lv\/lv\/wp-json\/wp\/v2\/product\/154312","targetHints":{"allow":["GET"]}}],"collection":[{"href":"https:\/\/4room.lv\/lv\/wp-json\/wp\/v2\/product"}],"about":[{"href":"https:\/\/4room.lv\/lv\/wp-json\/wp\/v2\/types\/product"}],"wp:featuredmedia":[{"embeddable":true,"href":"https:\/\/4room.lv\/lv\/wp-json\/wp\/v2\/media\/154319"}],"wp:attachment":[{"href":"https:\/\/4room.lv\/lv\/wp-json\/wp\/v2\/media?parent=154312"}],"wp:term":[{"taxonomy":"product_cat","embeddable":true,"href":"https:\/\/4room.lv\/lv\/wp-json\/wp\/v2\/product_cat?post=154312"},{"taxonomy":"product_tag","embeddable":true,"href":"https:\/\/4room.lv\/lv\/wp-json\/wp\/v2\/product_tag?post=154312"}],"curies":[{"name":"wp","href":"https:\/\/api.w.org\/{rel}","templated":true}]}}