{"id":154338,"date":"2025-02-26T10:50:06","date_gmt":"2025-02-26T08:50:06","guid":{"rendered":"https:\/\/4room.lv\/?post_type=product&#038;p=154338"},"modified":"2025-02-26T10:50:06","modified_gmt":"2025-02-26T08:50:06","slug":"pulcom-recessed-black","status":"publish","type":"product","link":"https:\/\/4room.lv\/lv\/veikals\/apgaismojums\/arhitekturalais\/pulcom-recessed-black\/","title":{"rendered":"Pulcom recessed Black"},"content":{"rendered":"","protected":false},"excerpt":{"rendered":"<p>Mitrumiztur\u012bgs ieb\u016bvejams Led gaismeklis ar nomain\u0101mu Led moduli. Modul\u012b ir iestr\u0101d\u0101ta funkcija iv\u0113l\u0113ties starp 3 gaismas to\u0146\u0101 spektriem &#8211; izteikti silti balta (2700K) \/ silti balta (3000K) \/ balta (4000K)<\/p>\n<p>Led ir padzi\u013cin\u0101ts un no s\u0101na gaismas avots nav redzams, sniedzot komfortu ac\u012bm radot gaismas staru 38 gr\u0101du le\u0146\u0137\u012b, kas ir \u013coti optim\u0101ls izgaimsojuma veids vid\u0113ji augstiem un augstiem griestime. Ar\u012b gaismek\u013ca jauda, kas ir 800lm ir optim\u0101la, kas der\u0113s da\u017e\u0101diem gaismas scen\u0101rijiem.<\/p>\n<p>Gaismek\u013ca dzi\u013cums griestos nepeicie\u0161ams vismaz 9.5cm un izgriezuma diametrs ir nepiecie\u0161ams 7,5cm<\/p>\n<p>&nbsp;<\/p>\n","protected":false},"featured_media":154357,"template":"","meta":[],"product_cat":[127,148,149],"product_tag":[],"class_list":{"0":"post-154338","1":"product","2":"type-product","3":"status-publish","4":"has-post-thumbnail","6":"product_brand-beneito-faure","7":"product_cat-apgaismojums","8":"product_cat-arhitekturalais","9":"product_cat-industrialais","11":"first","12":"instock","13":"shipping-taxable","14":"purchasable","15":"product-type-simple","16":"hongo-alternate-image-wrap"},"_links":{"self":[{"href":"https:\/\/4room.lv\/lv\/wp-json\/wp\/v2\/product\/154338","targetHints":{"allow":["GET"]}}],"collection":[{"href":"https:\/\/4room.lv\/lv\/wp-json\/wp\/v2\/product"}],"about":[{"href":"https:\/\/4room.lv\/lv\/wp-json\/wp\/v2\/types\/product"}],"wp:featuredmedia":[{"embeddable":true,"href":"https:\/\/4room.lv\/lv\/wp-json\/wp\/v2\/media\/154357"}],"wp:attachment":[{"href":"https:\/\/4room.lv\/lv\/wp-json\/wp\/v2\/media?parent=154338"}],"wp:term":[{"taxonomy":"product_cat","embeddable":true,"href":"https:\/\/4room.lv\/lv\/wp-json\/wp\/v2\/product_cat?post=154338"},{"taxonomy":"product_tag","embeddable":true,"href":"https:\/\/4room.lv\/lv\/wp-json\/wp\/v2\/product_tag?post=154338"}],"curies":[{"name":"wp","href":"https:\/\/api.w.org\/{rel}","templated":true}]}}