{"id":154363,"date":"2025-02-26T11:02:01","date_gmt":"2025-02-26T09:02:01","guid":{"rendered":"https:\/\/4room.lv\/?post_type=product&#038;p=154363"},"modified":"2025-12-28T19:19:00","modified_gmt":"2025-12-28T17:19:00","slug":"mia-armchair-blue","status":"publish","type":"product","link":"https:\/\/4room.lv\/lv\/veikals\/mebeles\/kresli\/mia-armchair-blue\/","title":{"rendered":"Mia Armchair Blue"},"content":{"rendered":"","protected":false},"excerpt":{"rendered":"<p>Unik\u0101la dizaina kr\u0113sls Mia. Tas b\u016bs interesants akcent gan pateicoties t\u0101 formai, gan sul\u012bgi zilajai kr\u0101sai. Tiem ir plata s\u0113\u017ea un \u0113rti roku balsti. Pieejami ar\u012b citi to\u0146i.<\/p>\n<p>Kr\u0113sli n\u0101k iepakojumos pa 2gab.<\/p>\n","protected":false},"featured_media":154364,"template":"","meta":[],"product_cat":[129,144],"product_tag":[],"class_list":{"0":"post-154363","1":"product","2":"type-product","3":"status-publish","4":"has-post-thumbnail","6":"product_brand-dutch-bone","7":"product_brand-white-label-living","8":"product_brand-zuiver","9":"product_cat-mebeles","10":"product_cat-kresli","12":"first","13":"instock","14":"shipping-taxable","15":"purchasable","16":"product-type-simple","17":"hongo-alternate-image-wrap"},"_links":{"self":[{"href":"https:\/\/4room.lv\/lv\/wp-json\/wp\/v2\/product\/154363","targetHints":{"allow":["GET"]}}],"collection":[{"href":"https:\/\/4room.lv\/lv\/wp-json\/wp\/v2\/product"}],"about":[{"href":"https:\/\/4room.lv\/lv\/wp-json\/wp\/v2\/types\/product"}],"wp:featuredmedia":[{"embeddable":true,"href":"https:\/\/4room.lv\/lv\/wp-json\/wp\/v2\/media\/154364"}],"wp:attachment":[{"href":"https:\/\/4room.lv\/lv\/wp-json\/wp\/v2\/media?parent=154363"}],"wp:term":[{"taxonomy":"product_cat","embeddable":true,"href":"https:\/\/4room.lv\/lv\/wp-json\/wp\/v2\/product_cat?post=154363"},{"taxonomy":"product_tag","embeddable":true,"href":"https:\/\/4room.lv\/lv\/wp-json\/wp\/v2\/product_tag?post=154363"}],"curies":[{"name":"wp","href":"https:\/\/api.w.org\/{rel}","templated":true}]}}