{"id":154385,"date":"2025-02-26T11:30:20","date_gmt":"2025-02-26T09:30:20","guid":{"rendered":"https:\/\/4room.lv\/?post_type=product&#038;p=154385"},"modified":"2025-12-28T19:19:00","modified_gmt":"2025-12-28T17:19:00","slug":"sideboard-travis-walnut","status":"publish","type":"product","link":"https:\/\/4room.lv\/lv\/veikals\/mebeles\/plaukti-un-skapji\/sideboard-travis-walnut\/","title":{"rendered":"Sideboard Travis Walnut"},"content":{"rendered":"","protected":false},"excerpt":{"rendered":"<p>Minimalistiska dizaina kumode bag\u0101t\u012bg\u0101 valrieksta ton\u012b. M\u016bsdien\u012bgi melna met\u0101la rokturi b\u016bs moderns akcents, kam\u0113r klasisk\u0101 valrieksta izpild\u012bjums sniegs laikmet\u012bgu saj\u016btu.<\/p>\n<p>Kumodei viena puse ir ar durti\u0146\u0101m kur sl\u0113pjas plaukts un otra puse sast\u0101v no trij\u0101m atvilkn\u0113m. Attiec\u012bgi t\u0101 b\u016bs ne tikai skaists dizaina objekts, bet ar\u012b funkcion\u0101la m\u0113bele.<\/p>\n","protected":false},"featured_media":154386,"template":"","meta":[],"product_cat":[129,143],"product_tag":[],"class_list":{"0":"post-154385","1":"product","2":"type-product","3":"status-publish","4":"has-post-thumbnail","6":"product_brand-dutch-bone","7":"product_brand-white-label-living","8":"product_brand-zuiver","9":"product_cat-mebeles","10":"product_cat-plaukti-un-skapji","12":"first","13":"instock","14":"shipping-taxable","15":"purchasable","16":"product-type-simple","17":"hongo-alternate-image-wrap"},"_links":{"self":[{"href":"https:\/\/4room.lv\/lv\/wp-json\/wp\/v2\/product\/154385","targetHints":{"allow":["GET"]}}],"collection":[{"href":"https:\/\/4room.lv\/lv\/wp-json\/wp\/v2\/product"}],"about":[{"href":"https:\/\/4room.lv\/lv\/wp-json\/wp\/v2\/types\/product"}],"wp:featuredmedia":[{"embeddable":true,"href":"https:\/\/4room.lv\/lv\/wp-json\/wp\/v2\/media\/154386"}],"wp:attachment":[{"href":"https:\/\/4room.lv\/lv\/wp-json\/wp\/v2\/media?parent=154385"}],"wp:term":[{"taxonomy":"product_cat","embeddable":true,"href":"https:\/\/4room.lv\/lv\/wp-json\/wp\/v2\/product_cat?post=154385"},{"taxonomy":"product_tag","embeddable":true,"href":"https:\/\/4room.lv\/lv\/wp-json\/wp\/v2\/product_tag?post=154385"}],"curies":[{"name":"wp","href":"https:\/\/api.w.org\/{rel}","templated":true}]}}