{"id":154524,"date":"2025-03-04T18:02:19","date_gmt":"2025-03-04T16:02:19","guid":{"rendered":"https:\/\/4room.lv\/?post_type=product&#038;p=154524"},"modified":"2025-03-04T18:02:20","modified_gmt":"2025-03-04T16:02:20","slug":"edgar-pendant","status":"publish","type":"product","link":"https:\/\/4room.lv\/lv\/veikals\/apgaismojums\/dekorativais\/edgar-pendant\/","title":{"rendered":"Edgar pendant"},"content":{"rendered":"","protected":false},"excerpt":{"rendered":"<p>Unik\u0101la lustra uz elegantas met\u0101la k\u0101jas ar 8 groz\u0101miem kupoliem kuros katr\u0101 sl\u0113pj\u0101s E14 spuldz\u012btes. T\u0101s nen\u0101k komplekt\u0101cij\u0101 un var\u0113siet izvel\u0113ties sev t\u012bkama spektra un jaudas spuldzes. Pateicoties tam, ka kupoli ir groz\u0101mi, tad var\u0113siet novirz\u012bt gaismu t\u0101, lai t\u0101 nesp\u012bd ac\u012bs un izgaismo telpu t\u0101 k\u0101 v\u0113laties. L\u012bdz ar to tas ir lielisks risin\u0101jums ar\u012b virs galda vai letes, k\u0101 ar\u012b, piem\u0113ram, gu\u013c\u0101mistab\u0101.<\/p>\n<p>&nbsp;<\/p>\n","protected":false},"featured_media":154525,"template":"","meta":[],"product_cat":[127,147],"product_tag":[],"class_list":{"0":"post-154524","1":"product","2":"type-product","3":"status-publish","4":"has-post-thumbnail","6":"product_brand-markslojd","7":"product_cat-apgaismojums","8":"product_cat-dekorativais","10":"first","11":"instock","12":"shipping-taxable","13":"purchasable","14":"product-type-simple"},"_links":{"self":[{"href":"https:\/\/4room.lv\/lv\/wp-json\/wp\/v2\/product\/154524","targetHints":{"allow":["GET"]}}],"collection":[{"href":"https:\/\/4room.lv\/lv\/wp-json\/wp\/v2\/product"}],"about":[{"href":"https:\/\/4room.lv\/lv\/wp-json\/wp\/v2\/types\/product"}],"wp:featuredmedia":[{"embeddable":true,"href":"https:\/\/4room.lv\/lv\/wp-json\/wp\/v2\/media\/154525"}],"wp:attachment":[{"href":"https:\/\/4room.lv\/lv\/wp-json\/wp\/v2\/media?parent=154524"}],"wp:term":[{"taxonomy":"product_cat","embeddable":true,"href":"https:\/\/4room.lv\/lv\/wp-json\/wp\/v2\/product_cat?post=154524"},{"taxonomy":"product_tag","embeddable":true,"href":"https:\/\/4room.lv\/lv\/wp-json\/wp\/v2\/product_tag?post=154524"}],"curies":[{"name":"wp","href":"https:\/\/api.w.org\/{rel}","templated":true}]}}