{"id":154537,"date":"2025-03-06T09:38:35","date_gmt":"2025-03-06T07:38:35","guid":{"rendered":"https:\/\/4room.lv\/?post_type=product&#038;p=154537"},"modified":"2025-03-06T09:38:35","modified_gmt":"2025-03-06T07:38:35","slug":"focus-zoom-3000k-1x12w-15-50","status":"publish","type":"product","link":"https:\/\/4room.lv\/lv\/veikals\/apgaismojums\/arhitekturalais\/focus-zoom-3000k-1x12w-15-50\/","title":{"rendered":"Focus Zoom 3000K 1x12W 15\u00b0-50\u00b0"},"content":{"rendered":"","protected":false},"excerpt":{"rendered":"<p>Neliels virsapmetuma gaismeklis ar regul\u0113jamu stara le\u0146\u0137i. Vienk\u0101r\u0161i pagrie\u017eot gaismek\u013ca korpusu ir iesp\u0113ja regul\u0113t le\u0146\u0137a platumu, lai gaismekli piel\u0101gotu da\u017e\u0101diem apgaismojuma scen\u0101rijiem. \u0160uraku izveloties pie augstakiem griestiem vai koncentr\u0113takam le\u0146\u0137im, lai piem\u0113ram, zigaismotu gleznu. Plataks le\u0146\u0137is b\u016bs pateic\u012bg\u0101ks zemiem griestiem un izl\u012bdzin\u0101takam izgaismojumam.<\/p>\n<p>Gaismeklis ir ar integr\u0113tu Led 790lm\/3000K<\/p>\n<p>&nbsp;<\/p>\n","protected":false},"featured_media":154544,"template":"","meta":[],"product_cat":[127,148],"product_tag":[],"class_list":{"0":"post-154537","1":"product","2":"type-product","3":"status-publish","4":"has-post-thumbnail","6":"product_brand-maytoni","7":"product_cat-apgaismojums","8":"product_cat-arhitekturalais","10":"first","11":"instock","12":"shipping-taxable","13":"purchasable","14":"product-type-simple","15":"hongo-alternate-image-wrap"},"_links":{"self":[{"href":"https:\/\/4room.lv\/lv\/wp-json\/wp\/v2\/product\/154537","targetHints":{"allow":["GET"]}}],"collection":[{"href":"https:\/\/4room.lv\/lv\/wp-json\/wp\/v2\/product"}],"about":[{"href":"https:\/\/4room.lv\/lv\/wp-json\/wp\/v2\/types\/product"}],"wp:featuredmedia":[{"embeddable":true,"href":"https:\/\/4room.lv\/lv\/wp-json\/wp\/v2\/media\/154544"}],"wp:attachment":[{"href":"https:\/\/4room.lv\/lv\/wp-json\/wp\/v2\/media?parent=154537"}],"wp:term":[{"taxonomy":"product_cat","embeddable":true,"href":"https:\/\/4room.lv\/lv\/wp-json\/wp\/v2\/product_cat?post=154537"},{"taxonomy":"product_tag","embeddable":true,"href":"https:\/\/4room.lv\/lv\/wp-json\/wp\/v2\/product_tag?post=154537"}],"curies":[{"name":"wp","href":"https:\/\/api.w.org\/{rel}","templated":true}]}}