{"id":154553,"date":"2025-03-06T09:53:42","date_gmt":"2025-03-06T07:53:42","guid":{"rendered":"https:\/\/4room.lv\/?post_type=product&#038;p=154553"},"modified":"2025-03-06T09:53:42","modified_gmt":"2025-03-06T07:53:42","slug":"putt-midi-led-trimless-recessed","status":"publish","type":"product","link":"https:\/\/4room.lv\/lv\/veikals\/apgaismojums\/arhitekturalais\/putt-midi-led-trimless-recessed\/","title":{"rendered":"Putt Midi Led trimless recessed"},"content":{"rendered":"","protected":false},"excerpt":{"rendered":"<p>Kvalitat\u012bvs, Jaud\u012bgs un kompakts ieb\u016bv\u0113jams Led gaismeklis. Tas ir ieliekams griestos un met\u0101la stiprin\u0101jumiem, kurus var regul\u0113t to augstum\u0101 uz gaismek\u013ca korpusa. Atteic\u012bgi gaismeklis var b\u016bt ieb\u016bv\u0113ts neman\u0101mi l\u012bdz ar griestiem vai nedaudz izvirz\u012bts uz \u0101ru vizu\u0101li interesantam efektam.<\/p>\n<p>Gaismeklism ir izteigsm\u012bgs gaismas stars un labs kr\u0101sas iz\u0161\u0137irtsp\u0113jas koeficients.<\/p>\n<p>Konkr\u0113t\u0101 versija ir 940lm un 2700K ar 35\u00b0 le\u0146\u0137i un iesp\u0113ju dim\u0113t. Baro\u0161anas bloks ir iek\u013cauts komplekt\u0101cij\u0101.<\/p>\n<p>Gaismeklim ir da\u017e\u0101das konfigur\u0101cijas &#8211; kr\u0101sa, spektrs, le\u0146\u0137is un dim\u0113\u0161anas opcijas. Ja nepiecie\u0161ama cita veida komplekt\u0101cija vai papildus inform\u0101cija, iesak\u0101m v\u0113rsties pie mums.<\/p>\n<p>&nbsp;<\/p>\n","protected":false},"featured_media":154554,"template":"","meta":[],"product_cat":[127,148],"product_tag":[],"class_list":{"0":"post-154553","1":"product","2":"type-product","3":"status-publish","4":"has-post-thumbnail","6":"product_brand-aqform","7":"product_cat-apgaismojums","8":"product_cat-arhitekturalais","10":"first","11":"instock","12":"shipping-taxable","13":"purchasable","14":"product-type-simple","15":"hongo-alternate-image-wrap"},"_links":{"self":[{"href":"https:\/\/4room.lv\/lv\/wp-json\/wp\/v2\/product\/154553","targetHints":{"allow":["GET"]}}],"collection":[{"href":"https:\/\/4room.lv\/lv\/wp-json\/wp\/v2\/product"}],"about":[{"href":"https:\/\/4room.lv\/lv\/wp-json\/wp\/v2\/types\/product"}],"wp:featuredmedia":[{"embeddable":true,"href":"https:\/\/4room.lv\/lv\/wp-json\/wp\/v2\/media\/154554"}],"wp:attachment":[{"href":"https:\/\/4room.lv\/lv\/wp-json\/wp\/v2\/media?parent=154553"}],"wp:term":[{"taxonomy":"product_cat","embeddable":true,"href":"https:\/\/4room.lv\/lv\/wp-json\/wp\/v2\/product_cat?post=154553"},{"taxonomy":"product_tag","embeddable":true,"href":"https:\/\/4room.lv\/lv\/wp-json\/wp\/v2\/product_tag?post=154553"}],"curies":[{"name":"wp","href":"https:\/\/api.w.org\/{rel}","templated":true}]}}