{"id":154569,"date":"2025-03-06T10:00:47","date_gmt":"2025-03-06T08:00:47","guid":{"rendered":"https:\/\/4room.lv\/?post_type=product&#038;p=154569"},"modified":"2025-12-28T19:19:00","modified_gmt":"2025-12-28T17:19:00","slug":"desk-lamp-vesper-green","status":"publish","type":"product","link":"https:\/\/4room.lv\/lv\/veikals\/apgaismojums\/dekorativais\/desk-lamp-vesper-green\/","title":{"rendered":"Desk Lamp Vesper Green"},"content":{"rendered":"","protected":false},"excerpt":{"rendered":"<p>Neliela un stil\u012bga galda lampa armiajs za\u013c\u0101 ton\u012b. Tai galva ir uz magn\u0113ta, l\u012bdz ar to viegli b\u016bs viegli virz\u0101ma v\u0113lamaj\u0101 virzien\u0101.<\/p>\n<p>Gaismeklim nepiecie\u0161ama E27 spuld\u017e\u012bte, kas \u013cauj jums izvel\u0113ties velamo spektru un jaudu pa\u0161iem.<\/p>\n","protected":false},"featured_media":154570,"template":"","meta":[],"product_cat":[127,147],"product_tag":[],"class_list":{"0":"post-154569","1":"product","2":"type-product","3":"status-publish","4":"has-post-thumbnail","6":"product_brand-dutch-bone","7":"product_brand-white-label-living","8":"product_brand-zuiver","9":"product_cat-apgaismojums","10":"product_cat-dekorativais","12":"first","13":"instock","14":"shipping-taxable","15":"purchasable","16":"product-type-simple","17":"hongo-alternate-image-wrap"},"_links":{"self":[{"href":"https:\/\/4room.lv\/lv\/wp-json\/wp\/v2\/product\/154569","targetHints":{"allow":["GET"]}}],"collection":[{"href":"https:\/\/4room.lv\/lv\/wp-json\/wp\/v2\/product"}],"about":[{"href":"https:\/\/4room.lv\/lv\/wp-json\/wp\/v2\/types\/product"}],"wp:featuredmedia":[{"embeddable":true,"href":"https:\/\/4room.lv\/lv\/wp-json\/wp\/v2\/media\/154570"}],"wp:attachment":[{"href":"https:\/\/4room.lv\/lv\/wp-json\/wp\/v2\/media?parent=154569"}],"wp:term":[{"taxonomy":"product_cat","embeddable":true,"href":"https:\/\/4room.lv\/lv\/wp-json\/wp\/v2\/product_cat?post=154569"},{"taxonomy":"product_tag","embeddable":true,"href":"https:\/\/4room.lv\/lv\/wp-json\/wp\/v2\/product_tag?post=154569"}],"curies":[{"name":"wp","href":"https:\/\/api.w.org\/{rel}","templated":true}]}}