{"id":154604,"date":"2025-03-06T10:23:14","date_gmt":"2025-03-06T08:23:14","guid":{"rendered":"https:\/\/4room.lv\/?post_type=product&#038;p=154604"},"modified":"2025-12-28T19:19:00","modified_gmt":"2025-12-28T17:19:00","slug":"sofa-summer-7-seater-coffee","status":"publish","type":"product","link":"https:\/\/4room.lv\/lv\/veikals\/mebeles\/divani\/sofa-summer-7-seater-coffee\/","title":{"rendered":"Sofa Summer 7-Seater Coffee"},"content":{"rendered":"","protected":false},"excerpt":{"rendered":"<p>M\u016bsdien\u012bga dizaina d\u012bv\u0101ns Summer m\u012bkst\u0101 pel\u0113kbr\u016bn\u0101 audm\u0101, kas atg\u0101dina kafiju ar pienu. Tas ir 3,18&#215;3,18m, lai sas\u0113sties var daudzi!<\/p>\n<p>Tam ir minim\u0101listiskas melna met\u0101la k\u0101jas, zem kur\u0101m pabrauks ar\u012b roboti\u0146\u0161. D\u012bv\u0101nam ir vienk\u0101r\u0161a forma, kas noz\u012bm\u0113 ka tas var b\u016bt \u013coti univers\u0101ls un izskat\u012bsies labi da\u017e\u0101dos interjeros.<\/p>\n<p>S\u0113rij\u0101 ir pieejami ar\u012b ne st\u016bra d\u012bv\u0101ni, atp\u016btas kr\u0113sli un pufi. L\u012bdz ar to, ja v\u0113laties sakomplekt\u0113t visu viesistabu ar vienu modeli, tad ar Summer to \u0113rti var\u0113s izdar\u012bt. Papildus inform\u0101ciju variet dro\u0161i jaut\u0101t mums!<\/p>\n","protected":false},"featured_media":154605,"template":"","meta":[],"product_cat":[129,145],"product_tag":[],"class_list":{"0":"post-154604","1":"product","2":"type-product","3":"status-publish","4":"has-post-thumbnail","6":"product_brand-dutch-bone","7":"product_brand-white-label-living","8":"product_brand-zuiver","9":"product_cat-mebeles","10":"product_cat-divani","12":"first","13":"instock","14":"shipping-taxable","15":"purchasable","16":"product-type-simple","17":"hongo-alternate-image-wrap"},"_links":{"self":[{"href":"https:\/\/4room.lv\/lv\/wp-json\/wp\/v2\/product\/154604","targetHints":{"allow":["GET"]}}],"collection":[{"href":"https:\/\/4room.lv\/lv\/wp-json\/wp\/v2\/product"}],"about":[{"href":"https:\/\/4room.lv\/lv\/wp-json\/wp\/v2\/types\/product"}],"wp:featuredmedia":[{"embeddable":true,"href":"https:\/\/4room.lv\/lv\/wp-json\/wp\/v2\/media\/154605"}],"wp:attachment":[{"href":"https:\/\/4room.lv\/lv\/wp-json\/wp\/v2\/media?parent=154604"}],"wp:term":[{"taxonomy":"product_cat","embeddable":true,"href":"https:\/\/4room.lv\/lv\/wp-json\/wp\/v2\/product_cat?post=154604"},{"taxonomy":"product_tag","embeddable":true,"href":"https:\/\/4room.lv\/lv\/wp-json\/wp\/v2\/product_tag?post=154604"}],"curies":[{"name":"wp","href":"https:\/\/api.w.org\/{rel}","templated":true}]}}