{"id":154673,"date":"2025-03-09T10:13:36","date_gmt":"2025-03-09T08:13:36","guid":{"rendered":"https:\/\/4room.lv\/?post_type=product&#038;p=154673"},"modified":"2025-03-09T10:13:36","modified_gmt":"2025-03-09T08:13:36","slug":"ravel-table-lamp-small","status":"publish","type":"product","link":"https:\/\/4room.lv\/lv\/veikals\/apgaismojums\/dekorativais\/ravel-table-lamp-small\/","title":{"rendered":"Ravel table lamp small"},"content":{"rendered":"","protected":false},"excerpt":{"rendered":"<p>Eleganta klasiska stila galda lampa. T\u0101 ir no dzidra, caursp\u012bd\u012bga stikla ar hrom\u0113t\u0101m det\u0101\u013c\u0101m, ar stabilu krist\u0101la pamatni. Plis\u0113ts, balts aba\u017e\u016brs ar nelielu sudrabotu mali\u0146u ov\u0101l\u0101 form\u0101 papildina eleganto formu lampai.<\/p>\n<p>&nbsp;<\/p>\n","protected":false},"featured_media":154677,"template":"","meta":[],"product_cat":[127,147],"product_tag":[],"class_list":{"0":"post-154673","1":"product","2":"type-product","3":"status-publish","4":"has-post-thumbnail","6":"product_brand-ondaluce","7":"product_cat-apgaismojums","8":"product_cat-dekorativais","10":"first","11":"instock","12":"shipping-taxable","13":"purchasable","14":"product-type-simple","15":"hongo-alternate-image-wrap"},"_links":{"self":[{"href":"https:\/\/4room.lv\/lv\/wp-json\/wp\/v2\/product\/154673","targetHints":{"allow":["GET"]}}],"collection":[{"href":"https:\/\/4room.lv\/lv\/wp-json\/wp\/v2\/product"}],"about":[{"href":"https:\/\/4room.lv\/lv\/wp-json\/wp\/v2\/types\/product"}],"wp:featuredmedia":[{"embeddable":true,"href":"https:\/\/4room.lv\/lv\/wp-json\/wp\/v2\/media\/154677"}],"wp:attachment":[{"href":"https:\/\/4room.lv\/lv\/wp-json\/wp\/v2\/media?parent=154673"}],"wp:term":[{"taxonomy":"product_cat","embeddable":true,"href":"https:\/\/4room.lv\/lv\/wp-json\/wp\/v2\/product_cat?post=154673"},{"taxonomy":"product_tag","embeddable":true,"href":"https:\/\/4room.lv\/lv\/wp-json\/wp\/v2\/product_tag?post=154673"}],"curies":[{"name":"wp","href":"https:\/\/api.w.org\/{rel}","templated":true}]}}