{"id":154686,"date":"2025-03-09T10:57:50","date_gmt":"2025-03-09T08:57:50","guid":{"rendered":"https:\/\/4room.lv\/?post_type=product&#038;p=154686"},"modified":"2025-03-09T13:35:28","modified_gmt":"2025-03-09T11:35:28","slug":"tolomeo-braccio","status":"publish","type":"product","link":"https:\/\/4room.lv\/lv\/veikals\/apgaismojums\/dekorativais\/tolomeo-braccio\/","title":{"rendered":"Tolomeo Braccio"},"content":{"rendered":"","protected":false},"excerpt":{"rendered":"<p>Ikonisk\u0101 Tolomeo sienas lampa garaj\u0101 versij\u0101. Viegli regul\u0113jama ar groz\u0101mu galvu. Iek\u0161\u0101 liekama E27 spuldze, lai variet to piel\u0101got savam vajadz\u012bbam. Alum\u012bnija ton\u012b. Komplekt\u0101cija ir sienas stiprin\u0101jums. Lampu var ar\u012b transform\u0113t par st\u0101vlampu, ieg\u0101d\u0101joties st\u0101vlampas pamatni.<\/p>\n<p>\u0160\u012b vis\u0101 pasaul\u0113 popul\u0101r\u0101 dizaina ikona priec\u0113 kop\u0161 1987. gada un ir divu dizaineru gara darbs \u2013 Michele De Lucchi un Giancarlo Fassina<\/p>\n<p>&nbsp;<\/p>\n","protected":false},"featured_media":154693,"template":"","meta":[],"product_cat":[1058,127,147],"product_tag":[],"class_list":{"0":"post-154686","1":"product","2":"type-product","3":"status-publish","4":"has-post-thumbnail","6":"product_cat-dizaina","7":"product_cat-apgaismojums","8":"product_cat-dekorativais","10":"first","11":"instock","12":"shipping-taxable","13":"purchasable","14":"product-type-simple"},"_links":{"self":[{"href":"https:\/\/4room.lv\/lv\/wp-json\/wp\/v2\/product\/154686","targetHints":{"allow":["GET"]}}],"collection":[{"href":"https:\/\/4room.lv\/lv\/wp-json\/wp\/v2\/product"}],"about":[{"href":"https:\/\/4room.lv\/lv\/wp-json\/wp\/v2\/types\/product"}],"wp:featuredmedia":[{"embeddable":true,"href":"https:\/\/4room.lv\/lv\/wp-json\/wp\/v2\/media\/154693"}],"wp:attachment":[{"href":"https:\/\/4room.lv\/lv\/wp-json\/wp\/v2\/media?parent=154686"}],"wp:term":[{"taxonomy":"product_cat","embeddable":true,"href":"https:\/\/4room.lv\/lv\/wp-json\/wp\/v2\/product_cat?post=154686"},{"taxonomy":"product_tag","embeddable":true,"href":"https:\/\/4room.lv\/lv\/wp-json\/wp\/v2\/product_tag?post=154686"}],"curies":[{"name":"wp","href":"https:\/\/api.w.org\/{rel}","templated":true}]}}