{"id":154696,"date":"2025-03-09T11:18:48","date_gmt":"2025-03-09T09:18:48","guid":{"rendered":"https:\/\/4room.lv\/?post_type=product&#038;p=154696"},"modified":"2025-03-09T14:34:27","modified_gmt":"2025-03-09T12:34:27","slug":"voluzzi-2-seater-open-end-%c2%b7-leather-savoy-%c2%b7-platin-black","status":"publish","type":"product","link":"https:\/\/4room.lv\/lv\/veikals\/mebeles\/divani\/voluzzi-2-seater-open-end-%c2%b7-leather-savoy-%c2%b7-platin-black\/","title":{"rendered":"Voluzzi 2 seater + Open end \u00b7 Leather Savoy \u00b7 Platin Black"},"content":{"rendered":"","protected":false},"excerpt":{"rendered":"<p>Dizainiskais Voluzzi meln\u0101 \u0101da ir \u012bpa\u0161i iespaid\u012bgs. Maig\u0101 \u0101da d\u012bv\u0101na iespaidu padara ekskluz\u012bv\u0101ku. D\u012bv\u0101na atzveltnes ir regul\u0113jamas ar manu\u0101lu meh\u0101nismu. Tam ir melna met\u0101la k\u0101jas, zem kur\u0101m \u0113rti izbrauks ar\u012b roboti\u0146\u0161. Konkr\u0113tajam d\u012bv\u0101nam st\u016bris paredz\u0113ts kreisaja pus\u0113, k\u0101 att\u0113lots foto(no priek\u0161as skatoties UZ d\u012bvanu)<\/p>\n<p>Ja ir velme p\u0113c citas komplekt\u0101cijas, tad \u0161im d\u012bvanam ir vair\u0101ki izm\u0113ri un da\u017e\u0101di apdares varianti. Ja v\u0113laties izzin\u0101t vair\u0101k, tad dro\u0161i sazinieties ar mums!<\/p>\n<p>&nbsp;<\/p>\n","protected":false},"featured_media":154706,"template":"","meta":[],"product_cat":[129,145],"product_tag":[],"class_list":{"0":"post-154696","1":"product","2":"type-product","3":"status-publish","4":"has-post-thumbnail","6":"product_brand-flexlux","7":"product_cat-mebeles","8":"product_cat-divani","10":"first","11":"instock","12":"sale","13":"shipping-taxable","14":"purchasable","15":"product-type-simple","16":"hongo-alternate-image-wrap"},"_links":{"self":[{"href":"https:\/\/4room.lv\/lv\/wp-json\/wp\/v2\/product\/154696","targetHints":{"allow":["GET"]}}],"collection":[{"href":"https:\/\/4room.lv\/lv\/wp-json\/wp\/v2\/product"}],"about":[{"href":"https:\/\/4room.lv\/lv\/wp-json\/wp\/v2\/types\/product"}],"wp:featuredmedia":[{"embeddable":true,"href":"https:\/\/4room.lv\/lv\/wp-json\/wp\/v2\/media\/154706"}],"wp:attachment":[{"href":"https:\/\/4room.lv\/lv\/wp-json\/wp\/v2\/media?parent=154696"}],"wp:term":[{"taxonomy":"product_cat","embeddable":true,"href":"https:\/\/4room.lv\/lv\/wp-json\/wp\/v2\/product_cat?post=154696"},{"taxonomy":"product_tag","embeddable":true,"href":"https:\/\/4room.lv\/lv\/wp-json\/wp\/v2\/product_tag?post=154696"}],"curies":[{"name":"wp","href":"https:\/\/api.w.org\/{rel}","templated":true}]}}