{"id":154712,"date":"2025-03-09T11:59:17","date_gmt":"2025-03-09T09:59:17","guid":{"rendered":"https:\/\/4room.lv\/?post_type=product&#038;p=154712"},"modified":"2025-03-09T11:59:34","modified_gmt":"2025-03-09T09:59:34","slug":"darci-floor","status":"publish","type":"product","link":"https:\/\/4room.lv\/lv\/veikals\/apgaismojums\/dekorativais\/darci-floor\/","title":{"rendered":"Darci floor lamp"},"content":{"rendered":"","protected":false},"excerpt":{"rendered":"<p>Eleganta st\u0101vlampa mat\u0113t\u0101, meln\u0101 met\u0101l\u0101 ar regul\u0113jamu galvu, lai variet nvirz\u012bt gaismu velamaj\u0101 virzien\u0101. Pati k\u0101ja neregul\u0113jas, t\u0101 ir viegli izvirz\u012bta, lai to var\u0113tu izmantot pie d\u012bv\u0101na vai kr\u0113sla las\u012b\u0161anai. Lampai nepeicie\u0161ama E14 spuldz\u012bte.<\/p>\n","protected":false},"featured_media":154713,"template":"","meta":[],"product_cat":[127,147],"product_tag":[],"class_list":{"0":"post-154712","1":"product","2":"type-product","3":"status-publish","4":"has-post-thumbnail","6":"product_brand-nordlux","7":"product_cat-apgaismojums","8":"product_cat-dekorativais","10":"first","11":"instock","12":"shipping-taxable","13":"purchasable","14":"product-type-simple","15":"hongo-alternate-image-wrap"},"_links":{"self":[{"href":"https:\/\/4room.lv\/lv\/wp-json\/wp\/v2\/product\/154712","targetHints":{"allow":["GET"]}}],"collection":[{"href":"https:\/\/4room.lv\/lv\/wp-json\/wp\/v2\/product"}],"about":[{"href":"https:\/\/4room.lv\/lv\/wp-json\/wp\/v2\/types\/product"}],"wp:featuredmedia":[{"embeddable":true,"href":"https:\/\/4room.lv\/lv\/wp-json\/wp\/v2\/media\/154713"}],"wp:attachment":[{"href":"https:\/\/4room.lv\/lv\/wp-json\/wp\/v2\/media?parent=154712"}],"wp:term":[{"taxonomy":"product_cat","embeddable":true,"href":"https:\/\/4room.lv\/lv\/wp-json\/wp\/v2\/product_cat?post=154712"},{"taxonomy":"product_tag","embeddable":true,"href":"https:\/\/4room.lv\/lv\/wp-json\/wp\/v2\/product_tag?post=154712"}],"curies":[{"name":"wp","href":"https:\/\/api.w.org\/{rel}","templated":true}]}}