{"id":154745,"date":"2025-03-09T16:15:23","date_gmt":"2025-03-09T14:15:23","guid":{"rendered":"https:\/\/4room.lv\/?post_type=product&#038;p=154745"},"modified":"2025-03-09T16:36:16","modified_gmt":"2025-03-09T14:36:16","slug":"lustra-dijon","status":"publish","type":"product","link":"https:\/\/4room.lv\/lv\/veikals\/apgaismojums\/dekorativais\/lustra-dijon\/","title":{"rendered":"Lustra Dijon"},"content":{"rendered":"","protected":false},"excerpt":{"rendered":"<p>Pasakain\u0101 lustra rad\u012bs br\u012bni\u0161\u0137\u012bgu un ma\u0123isku noska\u0146u j\u016bsu m\u0101jokl\u012b. Tai ir zelt\u012bti met\u0101la zari\u0146i no kuriem kar\u0101jas vist\u0113rijai l\u012bdz\u012bgas stikla p\u0113rl\u012b\u0161u st\u012bgas. Lustrai ir 8xG9 spuldz\u012btes, kuras ir lok\u0101mos zaros, lai gaismu novirz\u012btu k\u0101 v\u0113laties. Lustra ir tros\u0113s, ar kur\u0101m \u0113rti var\u0113s redi\u0123\u0113t augstumu lustru uzst\u0101dot.<\/p>\n<p>Spuldz\u012btes komplekt\u0101cij\u0101 nen\u0101k, bet tas \u013caus jums izvel\u0113ties sev piem\u0113rot\u0101k\u0101s.<\/p>\n<p>&nbsp;<\/p>\n","protected":false},"featured_media":154746,"template":"","meta":[],"product_cat":[127,147],"product_tag":[],"class_list":{"0":"post-154745","1":"product","2":"type-product","3":"status-publish","4":"has-post-thumbnail","6":"product_brand-zuma","7":"product_cat-apgaismojums","8":"product_cat-dekorativais","10":"first","11":"instock","12":"shipping-taxable","13":"purchasable","14":"product-type-simple","15":"hongo-alternate-image-wrap"},"_links":{"self":[{"href":"https:\/\/4room.lv\/lv\/wp-json\/wp\/v2\/product\/154745","targetHints":{"allow":["GET"]}}],"collection":[{"href":"https:\/\/4room.lv\/lv\/wp-json\/wp\/v2\/product"}],"about":[{"href":"https:\/\/4room.lv\/lv\/wp-json\/wp\/v2\/types\/product"}],"wp:featuredmedia":[{"embeddable":true,"href":"https:\/\/4room.lv\/lv\/wp-json\/wp\/v2\/media\/154746"}],"wp:attachment":[{"href":"https:\/\/4room.lv\/lv\/wp-json\/wp\/v2\/media?parent=154745"}],"wp:term":[{"taxonomy":"product_cat","embeddable":true,"href":"https:\/\/4room.lv\/lv\/wp-json\/wp\/v2\/product_cat?post=154745"},{"taxonomy":"product_tag","embeddable":true,"href":"https:\/\/4room.lv\/lv\/wp-json\/wp\/v2\/product_tag?post=154745"}],"curies":[{"name":"wp","href":"https:\/\/api.w.org\/{rel}","templated":true}]}}