{"id":154755,"date":"2025-03-09T15:20:08","date_gmt":"2025-03-09T13:20:08","guid":{"rendered":"https:\/\/4room.lv\/?post_type=product&#038;p=154755"},"modified":"2025-12-28T19:19:00","modified_gmt":"2025-12-28T17:19:00","slug":"counter-stool-franky","status":"publish","type":"product","link":"https:\/\/4room.lv\/lv\/veikals\/mebeles\/kresli\/counter-stool-franky\/","title":{"rendered":"Counter stool Franky"},"content":{"rendered":"","protected":false},"excerpt":{"rendered":"<p>Pusb\u0101ra kr\u0113sls Fanky meln\u0101 eko\u0101d\u0101 ir absol\u016bts favor\u012bts m\u016bsu salon\u0101.\u00a0 \u0112rts un aktualit\u0101ti nezaud\u0113jo\u0161s dizains ir ta liel\u0101kais pluss.. Tam ir vizu\u0101li interesantas \u0161uves, pat\u012bkama apbru\u017e\u0101ta efekta eko \u0101da meln\u0101 ton\u012b. Un stabilas melna met\u0101la k\u0101jas. Tas ir stabils un nodilumiztur\u012bgs, kas b\u016bs piem\u0113rots k\u0101 priv\u0101t\u0101m telp\u0101m, t\u0101 publisk\u0101m.<\/p>\n","protected":false},"featured_media":154756,"template":"","meta":[],"product_cat":[129,144],"product_tag":[],"class_list":{"0":"post-154755","1":"product","2":"type-product","3":"status-publish","4":"has-post-thumbnail","6":"product_brand-dutch-bone","7":"product_brand-white-label-living","8":"product_brand-zuiver","9":"product_cat-mebeles","10":"product_cat-kresli","12":"first","13":"instock","14":"shipping-taxable","15":"purchasable","16":"product-type-simple","17":"hongo-alternate-image-wrap"},"_links":{"self":[{"href":"https:\/\/4room.lv\/lv\/wp-json\/wp\/v2\/product\/154755","targetHints":{"allow":["GET"]}}],"collection":[{"href":"https:\/\/4room.lv\/lv\/wp-json\/wp\/v2\/product"}],"about":[{"href":"https:\/\/4room.lv\/lv\/wp-json\/wp\/v2\/types\/product"}],"wp:featuredmedia":[{"embeddable":true,"href":"https:\/\/4room.lv\/lv\/wp-json\/wp\/v2\/media\/154756"}],"wp:attachment":[{"href":"https:\/\/4room.lv\/lv\/wp-json\/wp\/v2\/media?parent=154755"}],"wp:term":[{"taxonomy":"product_cat","embeddable":true,"href":"https:\/\/4room.lv\/lv\/wp-json\/wp\/v2\/product_cat?post=154755"},{"taxonomy":"product_tag","embeddable":true,"href":"https:\/\/4room.lv\/lv\/wp-json\/wp\/v2\/product_tag?post=154755"}],"curies":[{"name":"wp","href":"https:\/\/api.w.org\/{rel}","templated":true}]}}