{"id":154774,"date":"2025-03-09T16:34:06","date_gmt":"2025-03-09T14:34:06","guid":{"rendered":"https:\/\/4room.lv\/?post_type=product&#038;p=154774"},"modified":"2025-03-09T16:35:25","modified_gmt":"2025-03-09T14:35:25","slug":"virsapmetuma-gaismeklis-mini-concord","status":"publish","type":"product","link":"https:\/\/4room.lv\/lv\/veikals\/apgaismojums\/dekorativais\/virsapmetuma-gaismeklis-mini-concord\/","title":{"rendered":"Virsapmetuma gaismeklis Mini Concord"},"content":{"rendered":"","protected":false},"excerpt":{"rendered":"<p>Virsapmetuma spot gaismeklis ar dekorat\u012bvu dizainu. Tas ir \u0113rti novirz\u0101ms, lai izgaismeotu v\u0113lam\u0101s zonas. Tam sl\u0113dzis spektra mai\u0146ai un ir iesp\u0113ja uzst\u0101d\u012bt sev v\u0113lamo spektru no 2700;3200;4000K. Tas ir energoefekt\u012bvs un ar 7W jaudu dod 850lm.<\/p>\n<p>Ja ir nepiecie\u0161ams vid\u0113ji aritm\u0113tiskais spot gaismeklis, tad \u0161is modelis ir lielisks un ar to ir gr\u016bti k\u013c\u016bd\u012bties gaismas kvalit\u0101tes zi\u0146\u0101.<\/p>\n<p>Gaismeklis ir dim\u0113jams ar Triac dimmeri.<\/p>\n<p>&nbsp;<\/p>\n","protected":false},"featured_media":154784,"template":"","meta":[],"product_cat":[127,148,147],"product_tag":[],"class_list":{"0":"post-154774","1":"product","2":"type-product","3":"status-publish","4":"has-post-thumbnail","6":"product_brand-beneito-faure","7":"product_cat-apgaismojums","8":"product_cat-arhitekturalais","9":"product_cat-dekorativais","11":"first","12":"instock","13":"shipping-taxable","14":"purchasable","15":"product-type-simple","16":"hongo-alternate-image-wrap"},"_links":{"self":[{"href":"https:\/\/4room.lv\/lv\/wp-json\/wp\/v2\/product\/154774","targetHints":{"allow":["GET"]}}],"collection":[{"href":"https:\/\/4room.lv\/lv\/wp-json\/wp\/v2\/product"}],"about":[{"href":"https:\/\/4room.lv\/lv\/wp-json\/wp\/v2\/types\/product"}],"wp:featuredmedia":[{"embeddable":true,"href":"https:\/\/4room.lv\/lv\/wp-json\/wp\/v2\/media\/154784"}],"wp:attachment":[{"href":"https:\/\/4room.lv\/lv\/wp-json\/wp\/v2\/media?parent=154774"}],"wp:term":[{"taxonomy":"product_cat","embeddable":true,"href":"https:\/\/4room.lv\/lv\/wp-json\/wp\/v2\/product_cat?post=154774"},{"taxonomy":"product_tag","embeddable":true,"href":"https:\/\/4room.lv\/lv\/wp-json\/wp\/v2\/product_tag?post=154774"}],"curies":[{"name":"wp","href":"https:\/\/api.w.org\/{rel}","templated":true}]}}