{"id":154790,"date":"2025-03-11T10:44:22","date_gmt":"2025-03-11T08:44:22","guid":{"rendered":"https:\/\/4room.lv\/?post_type=product&#038;p=154790"},"modified":"2025-03-11T11:32:08","modified_gmt":"2025-03-11T09:32:08","slug":"mapi-pendant-vertical","status":"publish","type":"product","link":"https:\/\/4room.lv\/lv\/veikals\/apgaismojums\/mapi-pendant-vertical\/","title":{"rendered":"Mapi pendant Vertical"},"content":{"rendered":"","protected":false},"excerpt":{"rendered":"<p>Jaunais modelis Mapi p\u0101rsteidz ar unik\u0101lu dizainu, kas noteikti izcelsies telp\u0101. Modelis n\u0101k vertik\u0101l\u0101 vai horizont\u0101l\u0101 versij\u0101. Konkr\u0113tais artikuls ir vertik\u0101l\u0101 versija (V)<\/p>\n<p>Gaismeklis sast\u0101v no savienojamiem stikla kupoliem, kur pam\u012b\u0161us kompoz\u012bcij\u0101 izvietoti baltie, kas dod gaismu un kr\u0101sainie, kas veido gaismek\u013ca dizainu. Kupolu to\u0146us ir iesp\u0113ja izv\u0113l\u0113ties no to\u0146u paletes, izveidojot savu ide\u0101lu to\u0146u kombin\u0101ciju!<\/p>\n<p>Konkr\u0113tais modelis, ko var apl\u016bkot ar\u012b m\u016bsu salon\u0101 ir \u0161ajos paletes to\u0146os &#8211; Green tea (za\u013c\u0101s t\u0113jas za\u013c\u0161), Mexico Blue (gai\u0161i zils), Persimon (persiku tonis), and Pale Pink (b\u0101li roz\u0101)<\/p>\n<p>*redzama 3. att\u0113l\u0101 kas bild\u0113ts no salona<\/p>\n<p>Dro\u0161i sazinieties ar mums, lai uzzin\u0101tu vair\u0101k un pal\u012bdz\u0113sim jums!<\/p>\n","protected":false},"featured_media":154800,"template":"","meta":[],"product_cat":[127],"product_tag":[],"class_list":{"0":"post-154790","1":"product","2":"type-product","3":"status-publish","4":"has-post-thumbnail","6":"product_brand-aromas-del-campo","7":"product_cat-apgaismojums","9":"first","10":"instock","11":"shipping-taxable","12":"purchasable","13":"product-type-simple","14":"hongo-alternate-image-wrap"},"_links":{"self":[{"href":"https:\/\/4room.lv\/lv\/wp-json\/wp\/v2\/product\/154790","targetHints":{"allow":["GET"]}}],"collection":[{"href":"https:\/\/4room.lv\/lv\/wp-json\/wp\/v2\/product"}],"about":[{"href":"https:\/\/4room.lv\/lv\/wp-json\/wp\/v2\/types\/product"}],"wp:featuredmedia":[{"embeddable":true,"href":"https:\/\/4room.lv\/lv\/wp-json\/wp\/v2\/media\/154800"}],"wp:attachment":[{"href":"https:\/\/4room.lv\/lv\/wp-json\/wp\/v2\/media?parent=154790"}],"wp:term":[{"taxonomy":"product_cat","embeddable":true,"href":"https:\/\/4room.lv\/lv\/wp-json\/wp\/v2\/product_cat?post=154790"},{"taxonomy":"product_tag","embeddable":true,"href":"https:\/\/4room.lv\/lv\/wp-json\/wp\/v2\/product_tag?post=154790"}],"curies":[{"name":"wp","href":"https:\/\/api.w.org\/{rel}","templated":true}]}}