{"id":154831,"date":"2025-03-12T16:50:28","date_gmt":"2025-03-12T14:50:28","guid":{"rendered":"https:\/\/4room.lv\/?post_type=product&#038;p=154831"},"modified":"2025-03-12T16:50:29","modified_gmt":"2025-03-12T14:50:29","slug":"pun-wall-recessed","status":"publish","type":"product","link":"https:\/\/4room.lv\/lv\/veikals\/apgaismojums\/dekorativais\/pun-wall-recessed\/","title":{"rendered":"Pun wall recessed"},"content":{"rendered":"","protected":false},"excerpt":{"rendered":"<p>Pun ir sien\u0101 ie\u016bv\u0113jams LED sign\u0101lgaismeklis ar 3 W jaudu. Paredz\u0113ts uzst\u0101d\u012b\u0161anai iek\u0161telp\u0101s. Ar to var apgaismot k\u0101pnes, gaite\u0146us vai norobe\u017eot noteiktas telpas, kas izgaismo ie\u0161anas ce\u013cu. Komplekta ietilpst melns un balts nosegv\u0101ci\u0146s, lai modeli variet piel\u0101got visam m\u0101joklim.<\/p>\n<p>&nbsp;<\/p>\n","protected":false},"featured_media":154842,"template":"","meta":[],"product_cat":[127,148,147],"product_tag":[],"class_list":{"0":"post-154831","1":"product","2":"type-product","3":"status-publish","4":"has-post-thumbnail","6":"product_brand-beneito-faure","7":"product_cat-apgaismojums","8":"product_cat-arhitekturalais","9":"product_cat-dekorativais","11":"first","12":"instock","13":"shipping-taxable","14":"purchasable","15":"product-type-simple","16":"hongo-alternate-image-wrap"},"_links":{"self":[{"href":"https:\/\/4room.lv\/lv\/wp-json\/wp\/v2\/product\/154831","targetHints":{"allow":["GET"]}}],"collection":[{"href":"https:\/\/4room.lv\/lv\/wp-json\/wp\/v2\/product"}],"about":[{"href":"https:\/\/4room.lv\/lv\/wp-json\/wp\/v2\/types\/product"}],"wp:featuredmedia":[{"embeddable":true,"href":"https:\/\/4room.lv\/lv\/wp-json\/wp\/v2\/media\/154842"}],"wp:attachment":[{"href":"https:\/\/4room.lv\/lv\/wp-json\/wp\/v2\/media?parent=154831"}],"wp:term":[{"taxonomy":"product_cat","embeddable":true,"href":"https:\/\/4room.lv\/lv\/wp-json\/wp\/v2\/product_cat?post=154831"},{"taxonomy":"product_tag","embeddable":true,"href":"https:\/\/4room.lv\/lv\/wp-json\/wp\/v2\/product_tag?post=154831"}],"curies":[{"name":"wp","href":"https:\/\/api.w.org\/{rel}","templated":true}]}}