{"id":154852,"date":"2025-03-20T17:49:10","date_gmt":"2025-03-20T15:49:10","guid":{"rendered":"https:\/\/4room.lv\/?post_type=product&#038;p=154852"},"modified":"2025-03-20T17:49:10","modified_gmt":"2025-03-20T15:49:10","slug":"focus-floor-lamp-aged-gold","status":"publish","type":"product","link":"https:\/\/4room.lv\/lv\/veikals\/apgaismojums\/dekorativais\/focus-floor-lamp-aged-gold\/","title":{"rendered":"Focus Floor lamp aged gold"},"content":{"rendered":"","protected":false},"excerpt":{"rendered":"<p>Stil\u012bga st\u0101vlampa ar robustu met\u0101la gredzenu uz galvga\u013ca, kas ir izteiksm\u012bgs dizaina akcents. Galva ir groz\u0101ma un var\u0113siet gaismu novirz\u012bt k\u0101 nepiecie\u0161ams. Komplekt\u0101cij\u0101 n\u0101k 5W GU10 spuldze.<\/p>\n","protected":false},"featured_media":154859,"template":"","meta":[],"product_cat":[127,147],"product_tag":[],"class_list":{"0":"post-154852","1":"product","2":"type-product","3":"status-publish","4":"has-post-thumbnail","6":"product_brand-aromas-del-campo","7":"product_cat-apgaismojums","8":"product_cat-dekorativais","10":"first","11":"instock","12":"shipping-taxable","13":"purchasable","14":"product-type-simple"},"_links":{"self":[{"href":"https:\/\/4room.lv\/lv\/wp-json\/wp\/v2\/product\/154852","targetHints":{"allow":["GET"]}}],"collection":[{"href":"https:\/\/4room.lv\/lv\/wp-json\/wp\/v2\/product"}],"about":[{"href":"https:\/\/4room.lv\/lv\/wp-json\/wp\/v2\/types\/product"}],"wp:featuredmedia":[{"embeddable":true,"href":"https:\/\/4room.lv\/lv\/wp-json\/wp\/v2\/media\/154859"}],"wp:attachment":[{"href":"https:\/\/4room.lv\/lv\/wp-json\/wp\/v2\/media?parent=154852"}],"wp:term":[{"taxonomy":"product_cat","embeddable":true,"href":"https:\/\/4room.lv\/lv\/wp-json\/wp\/v2\/product_cat?post=154852"},{"taxonomy":"product_tag","embeddable":true,"href":"https:\/\/4room.lv\/lv\/wp-json\/wp\/v2\/product_tag?post=154852"}],"curies":[{"name":"wp","href":"https:\/\/api.w.org\/{rel}","templated":true}]}}