{"id":154955,"date":"2025-03-21T13:53:34","date_gmt":"2025-03-21T11:53:34","guid":{"rendered":"https:\/\/4room.lv\/?post_type=product&#038;p=154955"},"modified":"2025-03-21T13:55:05","modified_gmt":"2025-03-21T11:55:05","slug":"ip54-cob-outdoor-bathroom","status":"publish","type":"product","link":"https:\/\/4room.lv\/lv\/veikals\/apgaismojums\/arhitekturalais\/ip54-cob-outdoor-bathroom\/","title":{"rendered":"IP54 COB Outdoor\/Bathroom"},"content":{"rendered":"","protected":false},"excerpt":{"rendered":"<p>Ieb\u016bv\u0113jams gaismeklis ar mitrumnotur\u012bbu, kas piem\u0113rots k\u0101 iek\u0161telp\u0101m, gan \u0101ra telp\u0101m. Gaismeklim ir integr\u0113ts dim\u0113jams Led, ar vid\u0113ju jaudu. Gaismeklis ir groz\u0101ms, l\u012bdz ar to gaismas virzienu var\u0113siet piel\u0101got p\u0113c vajad\u017e\u012bbas. Tranform\u0101tors jau iestrad\u0101ts gaismekl\u012b un atsevi\u0161\u0137i nav nepeicie\u0161ams.<\/p>\n","protected":false},"featured_media":154956,"template":"","meta":[],"product_cat":[127,148],"product_tag":[],"class_list":{"0":"post-154955","1":"product","2":"type-product","3":"status-publish","4":"has-post-thumbnail","6":"product_brand-onelight","7":"product_cat-apgaismojums","8":"product_cat-arhitekturalais","10":"first","11":"instock","12":"shipping-taxable","13":"purchasable","14":"product-type-simple"},"_links":{"self":[{"href":"https:\/\/4room.lv\/lv\/wp-json\/wp\/v2\/product\/154955","targetHints":{"allow":["GET"]}}],"collection":[{"href":"https:\/\/4room.lv\/lv\/wp-json\/wp\/v2\/product"}],"about":[{"href":"https:\/\/4room.lv\/lv\/wp-json\/wp\/v2\/types\/product"}],"wp:featuredmedia":[{"embeddable":true,"href":"https:\/\/4room.lv\/lv\/wp-json\/wp\/v2\/media\/154956"}],"wp:attachment":[{"href":"https:\/\/4room.lv\/lv\/wp-json\/wp\/v2\/media?parent=154955"}],"wp:term":[{"taxonomy":"product_cat","embeddable":true,"href":"https:\/\/4room.lv\/lv\/wp-json\/wp\/v2\/product_cat?post=154955"},{"taxonomy":"product_tag","embeddable":true,"href":"https:\/\/4room.lv\/lv\/wp-json\/wp\/v2\/product_tag?post=154955"}],"curies":[{"name":"wp","href":"https:\/\/api.w.org\/{rel}","templated":true}]}}