{"id":155136,"date":"2025-03-27T11:49:38","date_gmt":"2025-03-27T09:49:38","guid":{"rendered":"https:\/\/4room.lv\/?post_type=product&#038;p=155136"},"modified":"2025-06-13T16:54:24","modified_gmt":"2025-06-13T13:54:24","slug":"brook-dining-chair","status":"publish","type":"product","link":"https:\/\/4room.lv\/lv\/veikals\/mebeles\/kresli\/brook-dining-chair\/","title":{"rendered":"Brook dining chair"},"content":{"rendered":"","protected":false},"excerpt":{"rendered":"<p>Elegants kr\u0113sls ar roku balstiem pel\u0113k\u0101, maig\u0101 velvet\u0101 ar melna met\u0101la k\u0101j\u0101m.<\/p>\n","protected":false},"featured_media":155146,"template":"","meta":[],"product_cat":[129,144],"product_tag":[],"class_list":{"0":"post-155136","1":"product","2":"type-product","3":"status-publish","4":"has-post-thumbnail","6":"product_cat-mebeles","7":"product_cat-kresli","9":"first","10":"instock","11":"sale","12":"shipping-taxable","13":"purchasable","14":"product-type-simple"},"_links":{"self":[{"href":"https:\/\/4room.lv\/lv\/wp-json\/wp\/v2\/product\/155136","targetHints":{"allow":["GET"]}}],"collection":[{"href":"https:\/\/4room.lv\/lv\/wp-json\/wp\/v2\/product"}],"about":[{"href":"https:\/\/4room.lv\/lv\/wp-json\/wp\/v2\/types\/product"}],"wp:featuredmedia":[{"embeddable":true,"href":"https:\/\/4room.lv\/lv\/wp-json\/wp\/v2\/media\/155146"}],"wp:attachment":[{"href":"https:\/\/4room.lv\/lv\/wp-json\/wp\/v2\/media?parent=155136"}],"wp:term":[{"taxonomy":"product_cat","embeddable":true,"href":"https:\/\/4room.lv\/lv\/wp-json\/wp\/v2\/product_cat?post=155136"},{"taxonomy":"product_tag","embeddable":true,"href":"https:\/\/4room.lv\/lv\/wp-json\/wp\/v2\/product_tag?post=155136"}],"curies":[{"name":"wp","href":"https:\/\/api.w.org\/{rel}","templated":true}]}}