{"id":155149,"date":"2025-03-27T12:07:23","date_gmt":"2025-03-27T10:07:23","guid":{"rendered":"https:\/\/4room.lv\/?post_type=product&#038;p=155149"},"modified":"2025-03-27T12:07:23","modified_gmt":"2025-03-27T10:07:23","slug":"oma-8w-blanco","status":"publish","type":"product","link":"https:\/\/4room.lv\/lv\/veikals\/apgaismojums\/dekorativais\/oma-8w-blanco\/","title":{"rendered":"OMA 8W Blanco"},"content":{"rendered":"","protected":false},"excerpt":{"rendered":"<p>Stil\u012bgais gaismeklis apvieno m\u016bsdienu tehnolo\u0123ijas ar retro elpu. Gaissmeklim ir Led, kura spektru gaismekl\u012b variet izvel\u0113ties pie uzst\u0101d\u012b\u0161anas. Pateicoties difuz\u0113tajai gaismai, tas rad\u012bs \u013coti pat\u012bkamu klied\u0113tu apgaismojumu telp\u0101. Tas ir mitrumnotur\u012bgs, l\u012bdz ar to dro\u0161i variet likt ar\u012b du\u0161\u0101.<\/p>\n","protected":false},"featured_media":155156,"template":"","meta":[],"product_cat":[127,148,147],"product_tag":[],"class_list":{"0":"post-155149","1":"product","2":"type-product","3":"status-publish","4":"has-post-thumbnail","6":"product_brand-beneito-faure","7":"product_cat-apgaismojums","8":"product_cat-arhitekturalais","9":"product_cat-dekorativais","11":"first","12":"instock","13":"shipping-taxable","14":"purchasable","15":"product-type-simple","16":"hongo-alternate-image-wrap"},"_links":{"self":[{"href":"https:\/\/4room.lv\/lv\/wp-json\/wp\/v2\/product\/155149","targetHints":{"allow":["GET"]}}],"collection":[{"href":"https:\/\/4room.lv\/lv\/wp-json\/wp\/v2\/product"}],"about":[{"href":"https:\/\/4room.lv\/lv\/wp-json\/wp\/v2\/types\/product"}],"wp:featuredmedia":[{"embeddable":true,"href":"https:\/\/4room.lv\/lv\/wp-json\/wp\/v2\/media\/155156"}],"wp:attachment":[{"href":"https:\/\/4room.lv\/lv\/wp-json\/wp\/v2\/media?parent=155149"}],"wp:term":[{"taxonomy":"product_cat","embeddable":true,"href":"https:\/\/4room.lv\/lv\/wp-json\/wp\/v2\/product_cat?post=155149"},{"taxonomy":"product_tag","embeddable":true,"href":"https:\/\/4room.lv\/lv\/wp-json\/wp\/v2\/product_tag?post=155149"}],"curies":[{"name":"wp","href":"https:\/\/api.w.org\/{rel}","templated":true}]}}