{"id":155162,"date":"2025-03-27T17:16:45","date_gmt":"2025-03-27T15:16:45","guid":{"rendered":"https:\/\/4room.lv\/?post_type=product&#038;p=155162"},"modified":"2025-03-27T17:35:45","modified_gmt":"2025-03-27T15:35:45","slug":"maling-sofa","status":"publish","type":"product","link":"https:\/\/4room.lv\/lv\/veikals\/mebeles\/divani\/maling-sofa\/","title":{"rendered":"Maling sofa"},"content":{"rendered":"","protected":false},"excerpt":{"rendered":"<p>M\u012bksts izvelkamais d\u012bv\u0101ns pel\u0113k\u0101 audum\u0101 uz melna metala k\u0101j\u0101m. Dizains un forma \u013coti pateic\u012bga, jo piel\u0101gosies da\u017eadiem interjeriem. Ar \u0161o d\u012bv\u0101nu noteikti nek\u013c\u016bd\u012bsieties.<\/p>\n<p>Pieejams ar\u012b citos to\u0146os. Par pieejamaj\u0101m vari\u0101cij\u0101m variet sazin\u0101ties ar mums.<\/p>\n<p>&nbsp;<\/p>\n","protected":false},"featured_media":155172,"template":"","meta":[],"product_cat":[129,145],"product_tag":[],"class_list":{"0":"post-155162","1":"product","2":"type-product","3":"status-publish","4":"has-post-thumbnail","6":"product_cat-mebeles","7":"product_cat-divani","9":"first","10":"instock","11":"shipping-taxable","12":"purchasable","13":"product-type-simple","14":"hongo-alternate-image-wrap"},"_links":{"self":[{"href":"https:\/\/4room.lv\/lv\/wp-json\/wp\/v2\/product\/155162","targetHints":{"allow":["GET"]}}],"collection":[{"href":"https:\/\/4room.lv\/lv\/wp-json\/wp\/v2\/product"}],"about":[{"href":"https:\/\/4room.lv\/lv\/wp-json\/wp\/v2\/types\/product"}],"wp:featuredmedia":[{"embeddable":true,"href":"https:\/\/4room.lv\/lv\/wp-json\/wp\/v2\/media\/155172"}],"wp:attachment":[{"href":"https:\/\/4room.lv\/lv\/wp-json\/wp\/v2\/media?parent=155162"}],"wp:term":[{"taxonomy":"product_cat","embeddable":true,"href":"https:\/\/4room.lv\/lv\/wp-json\/wp\/v2\/product_cat?post=155162"},{"taxonomy":"product_tag","embeddable":true,"href":"https:\/\/4room.lv\/lv\/wp-json\/wp\/v2\/product_tag?post=155162"}],"curies":[{"name":"wp","href":"https:\/\/api.w.org\/{rel}","templated":true}]}}