{"id":155199,"date":"2025-03-27T17:48:32","date_gmt":"2025-03-27T15:48:32","guid":{"rendered":"https:\/\/4room.lv\/?post_type=product&#038;p=155199"},"modified":"2025-03-27T17:50:39","modified_gmt":"2025-03-27T15:50:39","slug":"set-tru-led-suspended","status":"publish","type":"product","link":"https:\/\/4room.lv\/lv\/veikals\/apgaismojums\/arhitekturalais\/set-tru-led-suspended\/","title":{"rendered":"SET TRU LED suspended"},"content":{"rendered":"","protected":false},"excerpt":{"rendered":"<p>AqForm gaismek\u013ci izce\u013c\u0101s ar augstu kvalit\u0101ti, ilgm\u016b\u017e\u012bbu, k\u0101 a\u0157\u012b lielisku dizainu. Set Tru ir jaud\u012bgs Led line\u0101rs gaismeklis mikroprizm\u0101tisku difuzoru, kas b\u016bs draudz\u012bgs ac\u012bm ar UGR19, ka ar\u012b augstu kr\u0101su attaino\u0161anas koeficientu. Konkr\u0113tais modelis ir 114cm garum\u0101, nedim\u0113jams, ar 36W jaudu.<\/p>\n<p>Modelim ir pla\u0161as modifik\u0101ciju iesp\u0113jas. Attiec\u012bgi ja nepiecie\u0161ami citi garumi, jaudas, to\u0146i vai spektri, k\u0101 ar\u012b j\u0101dim\u0113jas, tad variet mums piepras\u012bt un noteikti pal\u012bdz\u0113sim sakomplekt\u0113t jums nepeicie\u0161amo risin\u0101jumu.<\/p>\n","protected":false},"featured_media":155200,"template":"","meta":[],"product_cat":[127,148,149],"product_tag":[],"class_list":{"0":"post-155199","1":"product","2":"type-product","3":"status-publish","4":"has-post-thumbnail","6":"product_brand-aqform","7":"product_cat-apgaismojums","8":"product_cat-arhitekturalais","9":"product_cat-industrialais","11":"first","12":"instock","13":"shipping-taxable","14":"purchasable","15":"product-type-simple","16":"hongo-alternate-image-wrap"},"_links":{"self":[{"href":"https:\/\/4room.lv\/lv\/wp-json\/wp\/v2\/product\/155199","targetHints":{"allow":["GET"]}}],"collection":[{"href":"https:\/\/4room.lv\/lv\/wp-json\/wp\/v2\/product"}],"about":[{"href":"https:\/\/4room.lv\/lv\/wp-json\/wp\/v2\/types\/product"}],"wp:featuredmedia":[{"embeddable":true,"href":"https:\/\/4room.lv\/lv\/wp-json\/wp\/v2\/media\/155200"}],"wp:attachment":[{"href":"https:\/\/4room.lv\/lv\/wp-json\/wp\/v2\/media?parent=155199"}],"wp:term":[{"taxonomy":"product_cat","embeddable":true,"href":"https:\/\/4room.lv\/lv\/wp-json\/wp\/v2\/product_cat?post=155199"},{"taxonomy":"product_tag","embeddable":true,"href":"https:\/\/4room.lv\/lv\/wp-json\/wp\/v2\/product_tag?post=155199"}],"curies":[{"name":"wp","href":"https:\/\/api.w.org\/{rel}","templated":true}]}}