{"id":155210,"date":"2025-03-27T18:03:26","date_gmt":"2025-03-27T16:03:26","guid":{"rendered":"https:\/\/4room.lv\/?post_type=product&#038;p=155210"},"modified":"2025-03-27T18:03:26","modified_gmt":"2025-03-27T16:03:26","slug":"saliscendi-red","status":"publish","type":"product","link":"https:\/\/4room.lv\/lv\/veikals\/apgaismojums\/dizaina\/saliscendi-red\/","title":{"rendered":"Saliscendi Red"},"content":{"rendered":"","protected":false},"excerpt":{"rendered":"<p>Rad\u012bta 1957. gad\u0101, jau n\u0101kamaj\u0101 gad\u0101 Achille e Pier Giacomo Castiglioni Mil\u0101nas Tirdzniec\u012bbas kamerai\u00a0 izveidoja divas unik\u0101las Saliscendi kopijas. \u0160odien Saliscendi beidzot par\u0101d\u0101s k\u0101 regul\u0113jama divu emisiju met\u0101la lampa, kas ir p\u0101rveidota ar dim\u0113jamu LED. Gaismas korpuss un atstarojo\u0161ais disks maigi sl\u012bd pa kabe\u013ciem mainot augstumu un attalumu starp Led un disku, nodro\u0161inot pat\u012bkamu atstarojo\u0161u apgaismojumu. Slidinot pret\u0113j\u0101 virzien\u0101, abi elementi izklied\u0113 vair\u0101k tie\u0161as vai netie\u0161as gaismas atkar\u012bb\u0101 no att\u0101luma, ar k\u0101du tie ir atdal\u012bti.<\/p>\n<p>Ar\u012b jums ir iesp\u0113ja sav\u0101 interjer\u0101 izst\u0101d\u012bt apgaismojuma v\u0113stur\u0113 v\u0113rt\u012bgu un ikonisku gaismekli, priec\u0101joties par t\u0101 dizainu un kvalit\u0101ti gadiem ilgi!<\/p>\n","protected":false},"featured_media":155220,"template":"","meta":[],"product_cat":[1058,127],"product_tag":[],"class_list":{"0":"post-155210","1":"product","2":"type-product","3":"status-publish","4":"has-post-thumbnail","6":"product_brand-stilnovo","7":"product_cat-dizaina","8":"product_cat-apgaismojums","10":"first","11":"instock","12":"shipping-taxable","13":"purchasable","14":"product-type-simple","15":"hongo-alternate-image-wrap"},"_links":{"self":[{"href":"https:\/\/4room.lv\/lv\/wp-json\/wp\/v2\/product\/155210","targetHints":{"allow":["GET"]}}],"collection":[{"href":"https:\/\/4room.lv\/lv\/wp-json\/wp\/v2\/product"}],"about":[{"href":"https:\/\/4room.lv\/lv\/wp-json\/wp\/v2\/types\/product"}],"wp:featuredmedia":[{"embeddable":true,"href":"https:\/\/4room.lv\/lv\/wp-json\/wp\/v2\/media\/155220"}],"wp:attachment":[{"href":"https:\/\/4room.lv\/lv\/wp-json\/wp\/v2\/media?parent=155210"}],"wp:term":[{"taxonomy":"product_cat","embeddable":true,"href":"https:\/\/4room.lv\/lv\/wp-json\/wp\/v2\/product_cat?post=155210"},{"taxonomy":"product_tag","embeddable":true,"href":"https:\/\/4room.lv\/lv\/wp-json\/wp\/v2\/product_tag?post=155210"}],"curies":[{"name":"wp","href":"https:\/\/api.w.org\/{rel}","templated":true}]}}