{"id":155226,"date":"2025-03-28T10:52:20","date_gmt":"2025-03-28T08:52:20","guid":{"rendered":"https:\/\/4room.lv\/?post_type=product&#038;p=155226"},"modified":"2026-03-13T11:02:39","modified_gmt":"2026-03-13T09:02:39","slug":"bring-to-go","status":"publish","type":"product","link":"https:\/\/4room.lv\/lv\/veikals\/apgaismojums\/dekorativais\/bring-to-go\/","title":{"rendered":"Bring To-Go"},"content":{"rendered":"","protected":false},"excerpt":{"rendered":"<p>Bring ir stil\u012bgs un p\u0101rn\u0113s\u0101jams \u0101ra apgaismojums. Bring ir apa\u013ca, izgaismota virsma, ko eleganti aptver gumijas josla, kas kalpo ar\u012b k\u0101 praktisks rokturis vai pakaramais. Maigs piesk\u0101riens iesl\u0113dz Moodmaker\u2122 funkciju un aptum\u0161o gaismu divos posmos. Papildu piesk\u0101riens izsl\u0113dz gaismu. Ilgais akumulatora darb\u012bbas laiks un \u016bdensiztur\u012bg\u0101 virsma, kas izgatavota no otrreiz\u0113ji p\u0101rstr\u0101d\u0101tiem materi\u0101liem, pavad\u012bs j\u016bs, lai kur j\u016bs dotos \u2013 uz pludmali, parku vai d\u0101rzu, lai izgaismotu silt\u0101s vasaras naktis ar pat\u012bkamu atmosf\u0113ru. Lampa ir viegli uzl\u0101d\u0113jama ar komplekt\u0101cij\u0101 iek\u013cauto USB kabeli.<\/p>\n","protected":false},"featured_media":155236,"template":"","meta":[],"product_cat":[127,150,147],"product_tag":[],"class_list":{"0":"post-155226","1":"product","2":"type-product","3":"status-publish","4":"has-post-thumbnail","6":"product_brand-nordlux","7":"product_cat-apgaismojums","8":"product_cat-ara","9":"product_cat-dekorativais","11":"first","12":"instock","13":"shipping-taxable","14":"purchasable","15":"product-type-simple","16":"hongo-alternate-image-wrap"},"_links":{"self":[{"href":"https:\/\/4room.lv\/lv\/wp-json\/wp\/v2\/product\/155226","targetHints":{"allow":["GET"]}}],"collection":[{"href":"https:\/\/4room.lv\/lv\/wp-json\/wp\/v2\/product"}],"about":[{"href":"https:\/\/4room.lv\/lv\/wp-json\/wp\/v2\/types\/product"}],"wp:featuredmedia":[{"embeddable":true,"href":"https:\/\/4room.lv\/lv\/wp-json\/wp\/v2\/media\/155236"}],"wp:attachment":[{"href":"https:\/\/4room.lv\/lv\/wp-json\/wp\/v2\/media?parent=155226"}],"wp:term":[{"taxonomy":"product_cat","embeddable":true,"href":"https:\/\/4room.lv\/lv\/wp-json\/wp\/v2\/product_cat?post=155226"},{"taxonomy":"product_tag","embeddable":true,"href":"https:\/\/4room.lv\/lv\/wp-json\/wp\/v2\/product_tag?post=155226"}],"curies":[{"name":"wp","href":"https:\/\/api.w.org\/{rel}","templated":true}]}}