{"id":155242,"date":"2025-03-28T14:45:03","date_gmt":"2025-03-28T12:45:03","guid":{"rendered":"https:\/\/4room.lv\/?post_type=product&#038;p=155242"},"modified":"2025-03-28T14:45:03","modified_gmt":"2025-03-28T12:45:03","slug":"tidal-ceiling-60","status":"publish","type":"product","link":"https:\/\/4room.lv\/lv\/veikals\/apgaismojums\/dekorativais\/tidal-ceiling-60\/","title":{"rendered":"Tidal ceiling 60"},"content":{"rendered":"","protected":false},"excerpt":{"rendered":"<p>Tidal ir eleganta lampu kolekcija ar izcilu gaismas efektivit\u0101ti. To pl\u016bsto\u0161ais dizains, ko iedvesmoju\u0161as debess \u0137erme\u0146u kust\u012bbas un pl\u016bdmai\u0146as, rada dinamisku vizu\u0101lo pieredzi \u2013\u00a0 no da\u017e\u0101diem skata le\u0146\u0137iem, gasmeklis izsakt\u0101s sav\u0101d\u0101k, pateicoties gredzena neregul\u0101rajai, asimetriskai formai, un viena puse ir plat\u0101ka par otru. Tidal izstaro gaismu gan lejup, gan aug\u0161up, un visi tehniskie elementi ir pasl\u0113pti pl\u0101naj\u0101 lampas korpus\u0101, izce\u013cot t\u0101s est\u0113tisko pievilc\u012bbu. Giasmekli ar\u012b ir iespejmas dim\u0113t.<\/p>\n<p>konr\u0113tajam modelis ir siltais 2700K gaismas spektrs, bet pieejams ir ar\u012b 3000K. K\u0101 ar\u012b pieejams vitos to\u0146os un izm\u0113ros. Ja ir interese par \u0161o gaismek\u013cu s\u0113riju, tad dro\u0161i v\u0113r\u0161ieties pie mums.<\/p>\n","protected":false},"featured_media":155246,"template":"","meta":[],"product_cat":[1058,127,147],"product_tag":[],"class_list":{"0":"post-155242","1":"product","2":"type-product","3":"status-publish","4":"has-post-thumbnail","6":"product_brand-lodes","7":"product_cat-dizaina","8":"product_cat-apgaismojums","9":"product_cat-dekorativais","11":"first","12":"instock","13":"shipping-taxable","14":"purchasable","15":"product-type-simple","16":"hongo-alternate-image-wrap"},"_links":{"self":[{"href":"https:\/\/4room.lv\/lv\/wp-json\/wp\/v2\/product\/155242","targetHints":{"allow":["GET"]}}],"collection":[{"href":"https:\/\/4room.lv\/lv\/wp-json\/wp\/v2\/product"}],"about":[{"href":"https:\/\/4room.lv\/lv\/wp-json\/wp\/v2\/types\/product"}],"wp:featuredmedia":[{"embeddable":true,"href":"https:\/\/4room.lv\/lv\/wp-json\/wp\/v2\/media\/155246"}],"wp:attachment":[{"href":"https:\/\/4room.lv\/lv\/wp-json\/wp\/v2\/media?parent=155242"}],"wp:term":[{"taxonomy":"product_cat","embeddable":true,"href":"https:\/\/4room.lv\/lv\/wp-json\/wp\/v2\/product_cat?post=155242"},{"taxonomy":"product_tag","embeddable":true,"href":"https:\/\/4room.lv\/lv\/wp-json\/wp\/v2\/product_tag?post=155242"}],"curies":[{"name":"wp","href":"https:\/\/api.w.org\/{rel}","templated":true}]}}