{"id":155268,"date":"2025-03-28T15:54:12","date_gmt":"2025-03-28T13:54:12","guid":{"rendered":"https:\/\/4room.lv\/?post_type=product&#038;p=155268"},"modified":"2025-03-28T15:54:12","modified_gmt":"2025-03-28T13:54:12","slug":"demetra-table-white","status":"publish","type":"product","link":"https:\/\/4room.lv\/lv\/veikals\/apgaismojums\/dekorativais\/demetra-table-white\/","title":{"rendered":"Demetra Table white"},"content":{"rendered":"","protected":false},"excerpt":{"rendered":"<p>Demetra ir ikoniska, funkcion\u0101la un m\u016b\u017e\u012bga. Atbilsto\u0161i Naoto Fukasavas pieejai attiec\u012bbam starp lietot\u0101ju, objektu un vidi ir j\u0101b\u016bt vieglai un harmoniskai. Lieliski piem\u0113rota las\u012b\u0161anai un darbam. T\u0101s gaisma var rad\u012bt da\u017e\u0101das noska\u0146as pateicoties dimerim uz korpusa, k\u0101 ar\u012b ir \u0113rti novirz\u012bt gaismu, lai apgaismojums str\u0101d\u0101 m\u016bsu lab\u0101.<\/p>\n","protected":false},"featured_media":155278,"template":"","meta":[],"product_cat":[1058,127,147],"product_tag":[],"class_list":{"0":"post-155268","1":"product","2":"type-product","3":"status-publish","4":"has-post-thumbnail","6":"product_brand-artemide","7":"product_cat-dizaina","8":"product_cat-apgaismojums","9":"product_cat-dekorativais","11":"first","12":"instock","13":"shipping-taxable","14":"purchasable","15":"product-type-simple"},"_links":{"self":[{"href":"https:\/\/4room.lv\/lv\/wp-json\/wp\/v2\/product\/155268","targetHints":{"allow":["GET"]}}],"collection":[{"href":"https:\/\/4room.lv\/lv\/wp-json\/wp\/v2\/product"}],"about":[{"href":"https:\/\/4room.lv\/lv\/wp-json\/wp\/v2\/types\/product"}],"wp:featuredmedia":[{"embeddable":true,"href":"https:\/\/4room.lv\/lv\/wp-json\/wp\/v2\/media\/155278"}],"wp:attachment":[{"href":"https:\/\/4room.lv\/lv\/wp-json\/wp\/v2\/media?parent=155268"}],"wp:term":[{"taxonomy":"product_cat","embeddable":true,"href":"https:\/\/4room.lv\/lv\/wp-json\/wp\/v2\/product_cat?post=155268"},{"taxonomy":"product_tag","embeddable":true,"href":"https:\/\/4room.lv\/lv\/wp-json\/wp\/v2\/product_tag?post=155268"}],"curies":[{"name":"wp","href":"https:\/\/api.w.org\/{rel}","templated":true}]}}