{"id":155291,"date":"2025-03-28T16:30:20","date_gmt":"2025-03-28T14:30:20","guid":{"rendered":"https:\/\/4room.lv\/?post_type=product&#038;p=155291"},"modified":"2025-12-28T19:19:00","modified_gmt":"2025-12-28T17:19:00","slug":"side-table-floss","status":"publish","type":"product","link":"https:\/\/4room.lv\/lv\/veikals\/mebeles\/galdi\/side-table-floss\/","title":{"rendered":"Side table Floss"},"content":{"rendered":"","protected":false},"excerpt":{"rendered":"<p>proporcijas padara \u0161o galdi\u0146u par perfekto dizaina elementu interjer\u0101. Tas ir neuzb\u0101z\u012bgs, bet efekt\u012bgs &#8211; it \u012bpa\u0161i komplekt\u0113jot ar p\u0101r\u0113jiem \u0161\u012bs s\u0113rijas galdi\u0146iem.<\/p>\n","protected":false},"featured_media":155295,"template":"","meta":[],"product_cat":[129,142],"product_tag":[],"class_list":{"0":"post-155291","1":"product","2":"type-product","3":"status-publish","4":"has-post-thumbnail","6":"product_brand-dutch-bone","7":"product_brand-white-label-living","8":"product_brand-zuiver","9":"product_cat-mebeles","10":"product_cat-galdi","12":"first","13":"instock","14":"shipping-taxable","15":"purchasable","16":"product-type-simple","17":"hongo-alternate-image-wrap"},"_links":{"self":[{"href":"https:\/\/4room.lv\/lv\/wp-json\/wp\/v2\/product\/155291","targetHints":{"allow":["GET"]}}],"collection":[{"href":"https:\/\/4room.lv\/lv\/wp-json\/wp\/v2\/product"}],"about":[{"href":"https:\/\/4room.lv\/lv\/wp-json\/wp\/v2\/types\/product"}],"wp:featuredmedia":[{"embeddable":true,"href":"https:\/\/4room.lv\/lv\/wp-json\/wp\/v2\/media\/155295"}],"wp:attachment":[{"href":"https:\/\/4room.lv\/lv\/wp-json\/wp\/v2\/media?parent=155291"}],"wp:term":[{"taxonomy":"product_cat","embeddable":true,"href":"https:\/\/4room.lv\/lv\/wp-json\/wp\/v2\/product_cat?post=155291"},{"taxonomy":"product_tag","embeddable":true,"href":"https:\/\/4room.lv\/lv\/wp-json\/wp\/v2\/product_tag?post=155291"}],"curies":[{"name":"wp","href":"https:\/\/api.w.org\/{rel}","templated":true}]}}