{"id":155498,"date":"2025-04-02T11:02:48","date_gmt":"2025-04-02T08:02:48","guid":{"rendered":"https:\/\/4room.lv\/?post_type=product&#038;p=155498"},"modified":"2025-04-02T11:05:42","modified_gmt":"2025-04-02T08:05:42","slug":"carbon-black-gray-pendant","status":"publish","type":"product","link":"https:\/\/4room.lv\/lv\/veikals\/apgaismojums\/dekorativais\/carbon-black-gray-pendant\/","title":{"rendered":"Akustiskais gaismeklis Carbon Black &#038; Gray Pendant"},"content":{"rendered":"","protected":false},"excerpt":{"rendered":"<p>Akustisks gaismeklis ar point Led apgaismojumu. Gaismeklis ir no tum\u0161i pel\u0113ka filca, kas nodro\u0161ina ska\u0146as sl\u0101p\u0113\u0161anu, asimetrisk\u0101 form\u0101. Pat griestu b\u0101ze ir filca, kas ir for\u0161a dizaina odzi\u0146a. Aba\u017e\u016br\u0101 sl\u0113pj\u0101s line\u0101rs leds ar padzi\u013cinat\u0101mLed diod\u0113m, kas nodro\u0161ina gaismu uz virsmu bez ab\u017eilbin\u0101\u0161anas.<\/p>\n<p>*\u0161im gaismeklim nav pieejami dati par ska\u0146as sl\u0101p\u0113juma m\u0113r\u012bjumiem<\/p>\n","protected":false},"featured_media":155502,"template":"","meta":[],"product_cat":[127,148,147],"product_tag":[],"class_list":{"0":"post-155498","1":"product","2":"type-product","3":"status-publish","4":"has-post-thumbnail","6":"product_brand-maxlight","7":"product_cat-apgaismojums","8":"product_cat-arhitekturalais","9":"product_cat-dekorativais","11":"first","12":"instock","13":"shipping-taxable","14":"purchasable","15":"product-type-simple","16":"hongo-alternate-image-wrap"},"_links":{"self":[{"href":"https:\/\/4room.lv\/lv\/wp-json\/wp\/v2\/product\/155498","targetHints":{"allow":["GET"]}}],"collection":[{"href":"https:\/\/4room.lv\/lv\/wp-json\/wp\/v2\/product"}],"about":[{"href":"https:\/\/4room.lv\/lv\/wp-json\/wp\/v2\/types\/product"}],"wp:featuredmedia":[{"embeddable":true,"href":"https:\/\/4room.lv\/lv\/wp-json\/wp\/v2\/media\/155502"}],"wp:attachment":[{"href":"https:\/\/4room.lv\/lv\/wp-json\/wp\/v2\/media?parent=155498"}],"wp:term":[{"taxonomy":"product_cat","embeddable":true,"href":"https:\/\/4room.lv\/lv\/wp-json\/wp\/v2\/product_cat?post=155498"},{"taxonomy":"product_tag","embeddable":true,"href":"https:\/\/4room.lv\/lv\/wp-json\/wp\/v2\/product_tag?post=155498"}],"curies":[{"name":"wp","href":"https:\/\/api.w.org\/{rel}","templated":true}]}}