{"id":155515,"date":"2025-04-02T13:31:02","date_gmt":"2025-04-02T10:31:02","guid":{"rendered":"https:\/\/4room.lv\/?post_type=product&#038;p=155515"},"modified":"2025-04-02T13:32:34","modified_gmt":"2025-04-02T10:32:34","slug":"duo-wall-lamp","status":"publish","type":"product","link":"https:\/\/4room.lv\/lv\/veikals\/apgaismojums\/dekorativais\/duo-wall-lamp\/","title":{"rendered":"Duo Wall lamp"},"content":{"rendered":"","protected":false},"excerpt":{"rendered":"<p>Izcila sav\u0101 dizain\u0101 un funkcij\u0101, sienas lampa Duo b\u016bs izcils akcents interjeram. Ja v\u0113laties novirz\u0101mu gaismu no sienas, lai izgaismotu galdu vai d\u012bvanu, kreslu, tad \u0161is gaismeklis lieliski pield\u012bs \u0161o funkciju pateicoties garajam izm\u0113ram un iesp\u0113jai to groz\u012bt.<\/p>\n<p>Katr\u0101 kupol\u0101 iet E27 spuldze, ar ko b\u016bs iesp\u0113ja viegli nodro\u0161in\u0101t v\u0113lamo gaismu.<\/p>\n","protected":false},"featured_media":155516,"template":"","meta":[],"product_cat":[1058,127,147],"product_tag":[],"class_list":{"0":"post-155515","1":"product","2":"type-product","3":"status-publish","4":"has-post-thumbnail","6":"product_brand-aromas-del-campo","7":"product_cat-dizaina","8":"product_cat-apgaismojums","9":"product_cat-dekorativais","11":"first","12":"instock","13":"sale","14":"shipping-taxable","15":"purchasable","16":"product-type-simple","17":"hongo-alternate-image-wrap"},"_links":{"self":[{"href":"https:\/\/4room.lv\/lv\/wp-json\/wp\/v2\/product\/155515","targetHints":{"allow":["GET"]}}],"collection":[{"href":"https:\/\/4room.lv\/lv\/wp-json\/wp\/v2\/product"}],"about":[{"href":"https:\/\/4room.lv\/lv\/wp-json\/wp\/v2\/types\/product"}],"wp:featuredmedia":[{"embeddable":true,"href":"https:\/\/4room.lv\/lv\/wp-json\/wp\/v2\/media\/155516"}],"wp:attachment":[{"href":"https:\/\/4room.lv\/lv\/wp-json\/wp\/v2\/media?parent=155515"}],"wp:term":[{"taxonomy":"product_cat","embeddable":true,"href":"https:\/\/4room.lv\/lv\/wp-json\/wp\/v2\/product_cat?post=155515"},{"taxonomy":"product_tag","embeddable":true,"href":"https:\/\/4room.lv\/lv\/wp-json\/wp\/v2\/product_tag?post=155515"}],"curies":[{"name":"wp","href":"https:\/\/api.w.org\/{rel}","templated":true}]}}