{"id":155532,"date":"2025-04-02T18:12:20","date_gmt":"2025-04-02T15:12:20","guid":{"rendered":"https:\/\/4room.lv\/?post_type=product&#038;p=155532"},"modified":"2025-04-02T18:12:20","modified_gmt":"2025-04-02T15:12:20","slug":"madagascar-mix","status":"publish","type":"product","link":"https:\/\/4room.lv\/lv\/veikals\/apgaismojums\/dekorativais\/madagascar-mix\/","title":{"rendered":"Madagascar Mix"},"content":{"rendered":"","protected":false},"excerpt":{"rendered":"<p>Skaists it\u0101\u013cu stikla gaismeklis kur no taisnst\u016bra pl\u0101tnes kar\u0101j\u0101s se\u0161i gaismek\u013ci. Gaismek\u013ci kombin\u0113ti daz\u0101du formu un daz\u0101du to\u0146u. Sul\u012bgi zils ar dzintarbr\u016bnu, caursp\u012bd\u012bgs un d\u016bmakaini tum\u0161s stikls veido skaistu kompoz\u012bciju.<\/p>\n<p>Kupoli ir apak\u0161\u0101 atv\u0113rti, kas nodro\u0161ina to ka s\u0101niski kupols gaismu aiztur, lai ta ir maigaka, bet uz leju dos spec\u012bg\u0101ku izgaismojumu. L\u012bdz ar to tas lieliski der\u0113s virs galda vai k\u0101pn\u0113s. Katr\u0101 kupol\u0101 ir pa E14 spuldz\u012btei lai pan\u0101ktu labu izgaismojumu.<\/p>\n<p>Gaismek\u013ciem n\u0101k ar\u012b gari kabe\u013ci &#8211; 250cm, kas piem\u0113roti ar\u012b augstiem griestiem.<\/p>\n<p>\u0160o s\u0113riju var kombin\u0113t no da\u017ead\u0101m form\u0101m un to\u0146iem. Ja velaties izveidot citu kombin\u0101ciju, tad variet interes\u0113ties pie mums par vis\u0101m iesp\u0113j\u0101m.<\/p>\n","protected":false},"featured_media":155536,"template":"","meta":[],"product_cat":[127,147],"product_tag":[],"class_list":{"0":"post-155532","1":"product","2":"type-product","3":"status-publish","4":"has-post-thumbnail","6":"product_brand-ondaluce","7":"product_cat-apgaismojums","8":"product_cat-dekorativais","10":"first","11":"instock","12":"shipping-taxable","13":"purchasable","14":"product-type-simple","15":"hongo-alternate-image-wrap"},"_links":{"self":[{"href":"https:\/\/4room.lv\/lv\/wp-json\/wp\/v2\/product\/155532","targetHints":{"allow":["GET"]}}],"collection":[{"href":"https:\/\/4room.lv\/lv\/wp-json\/wp\/v2\/product"}],"about":[{"href":"https:\/\/4room.lv\/lv\/wp-json\/wp\/v2\/types\/product"}],"wp:featuredmedia":[{"embeddable":true,"href":"https:\/\/4room.lv\/lv\/wp-json\/wp\/v2\/media\/155536"}],"wp:attachment":[{"href":"https:\/\/4room.lv\/lv\/wp-json\/wp\/v2\/media?parent=155532"}],"wp:term":[{"taxonomy":"product_cat","embeddable":true,"href":"https:\/\/4room.lv\/lv\/wp-json\/wp\/v2\/product_cat?post=155532"},{"taxonomy":"product_tag","embeddable":true,"href":"https:\/\/4room.lv\/lv\/wp-json\/wp\/v2\/product_tag?post=155532"}],"curies":[{"name":"wp","href":"https:\/\/api.w.org\/{rel}","templated":true}]}}